{"id":86,"date":"2022-01-12T08:06:38","date_gmt":"2022-01-12T08:06:38","guid":{"rendered":"https:\/\/www.sadikefirbas.si\/?post_type=product&#038;p=86"},"modified":"2022-03-06T18:45:29","modified_gmt":"2022-03-06T18:45:29","slug":"jajcevec-tonda-bonica","status":"publish","type":"product","link":"https:\/\/www.sadikefirbas.si\/?product=jajcevec-tonda-bonica","title":{"rendered":"JAJ\u010cEVEC TONDA BONICA"},"content":{"rendered":"<p>Jaj\u010devec Tonda Bonica je jaj\u010devec, ki oblikuje podolgovate plodove v obliki kaplje. Plodovi so temno vijoli\u010dne barve. Rastlina je srednje visoke rasti, s tipi\u010dnimi bujnimi listi.<\/p>\n","protected":false},"excerpt":{"rendered":"<p>Jaj\u010devec Tonda Bonica je jaj\u010devec, ki oblikuje podolgovate plodove v obliki kaplje. Plodovi so temno vijoli\u010dne barve. Rastlina je srednje visoke rasti, s tipi\u010dnimi bujnimi listi.<\/p>\n","protected":false},"featured_media":222,"template":"","meta":{"spay_email":""},"product_cat":[26],"product_tag":[],"_links":{"self":[{"href":"https:\/\/www.sadikefirbas.si\/index.php?rest_route=\/wp\/v2\/product\/86"}],"collection":[{"href":"https:\/\/www.sadikefirbas.si\/index.php?rest_route=\/wp\/v2\/product"}],"about":[{"href":"https:\/\/www.sadikefirbas.si\/index.php?rest_route=\/wp\/v2\/types\/product"}],"wp:featuredmedia":[{"embeddable":true,"href":"https:\/\/www.sadikefirbas.si\/index.php?rest_route=\/wp\/v2\/media\/222"}],"wp:attachment":[{"href":"https:\/\/www.sadikefirbas.si\/index.php?rest_route=%2Fwp%2Fv2%2Fmedia&parent=86"}],"wp:term":[{"taxonomy":"product_cat","embeddable":true,"href":"https:\/\/www.sadikefirbas.si\/index.php?rest_route=%2Fwp%2Fv2%2Fproduct_cat&post=86"},{"taxonomy":"product_tag","embeddable":true,"href":"https:\/\/www.sadikefirbas.si\/index.php?rest_route=%2Fwp%2Fv2%2Fproduct_tag&post=86"}],"curies":[{"name":"wp","href":"https:\/\/api.w.org\/{rel}","templated":true}]}}