{"id":61,"date":"2022-01-12T06:59:55","date_gmt":"2022-01-12T06:59:55","guid":{"rendered":"https:\/\/www.sadikefirbas.si\/?post_type=product&#038;p=61"},"modified":"2022-03-06T18:48:44","modified_gmt":"2022-03-06T18:48:44","slug":"bucke-temno-zelene","status":"publish","type":"product","link":"https:\/\/www.sadikefirbas.si\/?product=bucke-temno-zelene","title":{"rendered":"BU\u010cKE TEMNO ZELENE"},"content":{"rendered":"<p>Okusne marmorirane temno zelene, svetle\u010de bu\u010dke. Redno jih obtrgujemo, da nastavljajo nove cvetove.<\/p>\n","protected":false},"excerpt":{"rendered":"<p>Okusne marmorirane temno zelene, svetle\u010de bu\u010dke. Redno jih obtrgujemo, da nastavljajo nove cvetove.<\/p>\n","protected":false},"featured_media":224,"template":"","meta":{"spay_email":""},"product_cat":[17],"product_tag":[],"_links":{"self":[{"href":"https:\/\/www.sadikefirbas.si\/index.php?rest_route=\/wp\/v2\/product\/61"}],"collection":[{"href":"https:\/\/www.sadikefirbas.si\/index.php?rest_route=\/wp\/v2\/product"}],"about":[{"href":"https:\/\/www.sadikefirbas.si\/index.php?rest_route=\/wp\/v2\/types\/product"}],"wp:featuredmedia":[{"embeddable":true,"href":"https:\/\/www.sadikefirbas.si\/index.php?rest_route=\/wp\/v2\/media\/224"}],"wp:attachment":[{"href":"https:\/\/www.sadikefirbas.si\/index.php?rest_route=%2Fwp%2Fv2%2Fmedia&parent=61"}],"wp:term":[{"taxonomy":"product_cat","embeddable":true,"href":"https:\/\/www.sadikefirbas.si\/index.php?rest_route=%2Fwp%2Fv2%2Fproduct_cat&post=61"},{"taxonomy":"product_tag","embeddable":true,"href":"https:\/\/www.sadikefirbas.si\/index.php?rest_route=%2Fwp%2Fv2%2Fproduct_tag&post=61"}],"curies":[{"name":"wp","href":"https:\/\/api.w.org\/{rel}","templated":true}]}}