{"id":57,"date":"2022-01-11T11:08:01","date_gmt":"2022-01-11T11:08:01","guid":{"rendered":"https:\/\/www.sadikefirbas.si\/?post_type=product&#038;p=57"},"modified":"2022-01-11T11:08:01","modified_gmt":"2022-01-11T11:08:01","slug":"koleraba-rdeca","status":"publish","type":"product","link":"https:\/\/www.sadikefirbas.si\/?product=koleraba-rdeca","title":{"rendered":"KOLERABA RDE\u010cA"},"content":{"rendered":"<p>Koleraba je atraktivne temno vijoli\u010dne zunanje barve in sve\u017ee bele notranje barve. Kolerabica je plo\u0161\u010dato okrogle oblike, so\u010dna brez nevarnosti olesenitve.<\/p>\n","protected":false},"excerpt":{"rendered":"<p>Koleraba je atraktivne temno vijoli\u010dne zunanje barve in sve\u017ee bele notranje barve. Kolerabica je plo\u0161\u010dato okrogle oblike, so\u010dna brez nevarnosti olesenitve.<\/p>\n","protected":false},"featured_media":58,"template":"","meta":{"spay_email":""},"product_cat":[23],"product_tag":[],"_links":{"self":[{"href":"https:\/\/www.sadikefirbas.si\/index.php?rest_route=\/wp\/v2\/product\/57"}],"collection":[{"href":"https:\/\/www.sadikefirbas.si\/index.php?rest_route=\/wp\/v2\/product"}],"about":[{"href":"https:\/\/www.sadikefirbas.si\/index.php?rest_route=\/wp\/v2\/types\/product"}],"wp:featuredmedia":[{"embeddable":true,"href":"https:\/\/www.sadikefirbas.si\/index.php?rest_route=\/wp\/v2\/media\/58"}],"wp:attachment":[{"href":"https:\/\/www.sadikefirbas.si\/index.php?rest_route=%2Fwp%2Fv2%2Fmedia&parent=57"}],"wp:term":[{"taxonomy":"product_cat","embeddable":true,"href":"https:\/\/www.sadikefirbas.si\/index.php?rest_route=%2Fwp%2Fv2%2Fproduct_cat&post=57"},{"taxonomy":"product_tag","embeddable":true,"href":"https:\/\/www.sadikefirbas.si\/index.php?rest_route=%2Fwp%2Fv2%2Fproduct_tag&post=57"}],"curies":[{"name":"wp","href":"https:\/\/api.w.org\/{rel}","templated":true}]}}