{"id":54,"date":"2022-01-10T16:22:18","date_gmt":"2022-01-10T16:22:18","guid":{"rendered":"https:\/\/www.sadikefirbas.si\/?post_type=product&#038;p=54"},"modified":"2022-02-15T10:28:39","modified_gmt":"2022-02-15T10:28:39","slug":"zelje-konicasto","status":"publish","type":"product","link":"https:\/\/www.sadikefirbas.si\/?product=zelje-konicasto","title":{"rendered":"ZELJE KONI\u010cASTO"},"content":{"rendered":"<p>Koni\u010dasto zelje je srednje zgoden standarden evropski hibrid koni\u010dastega zelja, ki je primeren za celoletno pridelavo. Je dobro obstojen na polju, ker ne poka. Primeren je predvsem za sve\u017eo rabo.<\/p>\n","protected":false},"excerpt":{"rendered":"<p>Koni\u010dasto zelje je srednje zgoden standarden evropski hibrid koni\u010dastega zelja, ki je primeren za celoletno pridelavo. Je dobro obstojen na polju, ker ne poka. Primeren je predvsem za sve\u017eo rabo.<\/p>\n","protected":false},"featured_media":55,"template":"","meta":{"spay_email":""},"product_cat":[21,20],"product_tag":[],"_links":{"self":[{"href":"https:\/\/www.sadikefirbas.si\/index.php?rest_route=\/wp\/v2\/product\/54"}],"collection":[{"href":"https:\/\/www.sadikefirbas.si\/index.php?rest_route=\/wp\/v2\/product"}],"about":[{"href":"https:\/\/www.sadikefirbas.si\/index.php?rest_route=\/wp\/v2\/types\/product"}],"wp:featuredmedia":[{"embeddable":true,"href":"https:\/\/www.sadikefirbas.si\/index.php?rest_route=\/wp\/v2\/media\/55"}],"wp:attachment":[{"href":"https:\/\/www.sadikefirbas.si\/index.php?rest_route=%2Fwp%2Fv2%2Fmedia&parent=54"}],"wp:term":[{"taxonomy":"product_cat","embeddable":true,"href":"https:\/\/www.sadikefirbas.si\/index.php?rest_route=%2Fwp%2Fv2%2Fproduct_cat&post=54"},{"taxonomy":"product_tag","embeddable":true,"href":"https:\/\/www.sadikefirbas.si\/index.php?rest_route=%2Fwp%2Fv2%2Fproduct_tag&post=54"}],"curies":[{"name":"wp","href":"https:\/\/api.w.org\/{rel}","templated":true}]}}