{"id":52,"date":"2022-01-07T12:22:41","date_gmt":"2022-01-07T12:22:41","guid":{"rendered":"https:\/\/www.sadikefirbas.si\/?post_type=product&#038;p=52"},"modified":"2022-03-07T05:51:55","modified_gmt":"2022-03-07T05:51:55","slug":"volovsko-srce","status":"publish","type":"product","link":"https:\/\/www.sadikefirbas.si\/?product=volovsko-srce","title":{"rendered":"PARADI\u017dNIK VOLOVSKO SRCE"},"content":{"rendered":"<p>Slovenski paradi\u017enik visoke in bujne rasti. Plodovi imajo zna\u010dilno \u201csr\u010dasto\u201d obliko in mesnato strukturo. So zelo okusni in primerni za pripravo solat. Sorta je primerna za pridelavo na prostem.<\/p>\n","protected":false},"excerpt":{"rendered":"<p>Slovenski paradi\u017enik visoke in bujne rasti. Plodovi imajo zna\u010dilno \u201csr\u010dasto\u201d obliko in mesnato strukturo. So zelo okusni in primerni za pripravo solat. Sorta je primerna za pridelavo na prostem.<\/p>\n","protected":false},"featured_media":248,"template":"","meta":{"spay_email":""},"product_cat":[21,22],"product_tag":[],"_links":{"self":[{"href":"https:\/\/www.sadikefirbas.si\/index.php?rest_route=\/wp\/v2\/product\/52"}],"collection":[{"href":"https:\/\/www.sadikefirbas.si\/index.php?rest_route=\/wp\/v2\/product"}],"about":[{"href":"https:\/\/www.sadikefirbas.si\/index.php?rest_route=\/wp\/v2\/types\/product"}],"wp:featuredmedia":[{"embeddable":true,"href":"https:\/\/www.sadikefirbas.si\/index.php?rest_route=\/wp\/v2\/media\/248"}],"wp:attachment":[{"href":"https:\/\/www.sadikefirbas.si\/index.php?rest_route=%2Fwp%2Fv2%2Fmedia&parent=52"}],"wp:term":[{"taxonomy":"product_cat","embeddable":true,"href":"https:\/\/www.sadikefirbas.si\/index.php?rest_route=%2Fwp%2Fv2%2Fproduct_cat&post=52"},{"taxonomy":"product_tag","embeddable":true,"href":"https:\/\/www.sadikefirbas.si\/index.php?rest_route=%2Fwp%2Fv2%2Fproduct_tag&post=52"}],"curies":[{"name":"wp","href":"https:\/\/api.w.org\/{rel}","templated":true}]}}