{"id":47,"date":"2022-01-07T09:34:59","date_gmt":"2022-01-07T09:34:59","guid":{"rendered":"https:\/\/www.sadikefirbas.si\/?post_type=product&#038;p=47"},"modified":"2022-02-26T09:54:29","modified_gmt":"2022-02-26T09:54:29","slug":"rdece","status":"publish","type":"product","link":"https:\/\/www.sadikefirbas.si\/?product=rdece","title":{"rendered":"ZELJE RDE\u010cE"},"content":{"rendered":"<p>Rde\u010de zelje je zgodnje zelje primerno za sve\u017eo uporabo. Glave so okrogle oblike, lepe rde\u010de vijoli\u010dne barve. Sorta dobro prena\u0161a vro\u010dino, zato ga je primerno saditi spomladi kot tudi v poletnih dneh za jesenski pridelek. Odporno na pokanje.<\/p>\n","protected":false},"excerpt":{"rendered":"<p>Rde\u010de zelje je zgodnje zelje primerno za sve\u017eo uporabo. Glave so okrogle oblike, lepe rde\u010de vijoli\u010dne barve. Sorta dobro prena\u0161a vro\u010dino, zato ga je primerno saditi spomladi kot tudi v poletnih dneh za jesenski pridelek. Odporno na pokanje.<\/p>\n","protected":false},"featured_media":166,"template":"","meta":{"spay_email":""},"product_cat":[20],"product_tag":[],"_links":{"self":[{"href":"https:\/\/www.sadikefirbas.si\/index.php?rest_route=\/wp\/v2\/product\/47"}],"collection":[{"href":"https:\/\/www.sadikefirbas.si\/index.php?rest_route=\/wp\/v2\/product"}],"about":[{"href":"https:\/\/www.sadikefirbas.si\/index.php?rest_route=\/wp\/v2\/types\/product"}],"wp:featuredmedia":[{"embeddable":true,"href":"https:\/\/www.sadikefirbas.si\/index.php?rest_route=\/wp\/v2\/media\/166"}],"wp:attachment":[{"href":"https:\/\/www.sadikefirbas.si\/index.php?rest_route=%2Fwp%2Fv2%2Fmedia&parent=47"}],"wp:term":[{"taxonomy":"product_cat","embeddable":true,"href":"https:\/\/www.sadikefirbas.si\/index.php?rest_route=%2Fwp%2Fv2%2Fproduct_cat&post=47"},{"taxonomy":"product_tag","embeddable":true,"href":"https:\/\/www.sadikefirbas.si\/index.php?rest_route=%2Fwp%2Fv2%2Fproduct_tag&post=47"}],"curies":[{"name":"wp","href":"https:\/\/api.w.org\/{rel}","templated":true}]}}