{"id":35,"date":"2022-01-07T08:08:09","date_gmt":"2022-01-07T08:08:09","guid":{"rendered":"http:\/\/www.sadikefirbas.si\/?post_type=product&#038;p=35"},"modified":"2022-01-11T10:59:11","modified_gmt":"2022-01-11T10:59:11","slug":"pan-di-zucchero","status":"publish","type":"product","link":"https:\/\/www.sadikefirbas.si\/?product=pan-di-zucchero","title":{"rendered":"RADI\u010c PAN DI ZUCCHERO"},"content":{"rendered":"<p>Radi\u010d Pan di Zucchero oblikuje podolgovato glavico z kompaktnim osr\u010djem. Predstavlja izdatno in dragoceno solato za jesenske in zimske mesece, ker ga lahko skladi\u0161\u010dimo do februarja.<\/p>\n","protected":false},"excerpt":{"rendered":"<p>Radi\u010d Pan di Zucchero oblikuje podolgovato glavico z kompaktnim osr\u010djem. Predstavlja izdatno in dragoceno solato za jesenske in zimske mesece, ker ga lahko skladi\u0161\u010dimo do februarja.<\/p>\n","protected":false},"featured_media":38,"template":"","meta":{"spay_email":""},"product_cat":[18],"product_tag":[],"_links":{"self":[{"href":"https:\/\/www.sadikefirbas.si\/index.php?rest_route=\/wp\/v2\/product\/35"}],"collection":[{"href":"https:\/\/www.sadikefirbas.si\/index.php?rest_route=\/wp\/v2\/product"}],"about":[{"href":"https:\/\/www.sadikefirbas.si\/index.php?rest_route=\/wp\/v2\/types\/product"}],"wp:featuredmedia":[{"embeddable":true,"href":"https:\/\/www.sadikefirbas.si\/index.php?rest_route=\/wp\/v2\/media\/38"}],"wp:attachment":[{"href":"https:\/\/www.sadikefirbas.si\/index.php?rest_route=%2Fwp%2Fv2%2Fmedia&parent=35"}],"wp:term":[{"taxonomy":"product_cat","embeddable":true,"href":"https:\/\/www.sadikefirbas.si\/index.php?rest_route=%2Fwp%2Fv2%2Fproduct_cat&post=35"},{"taxonomy":"product_tag","embeddable":true,"href":"https:\/\/www.sadikefirbas.si\/index.php?rest_route=%2Fwp%2Fv2%2Fproduct_tag&post=35"}],"curies":[{"name":"wp","href":"https:\/\/api.w.org\/{rel}","templated":true}]}}