{"id":33,"date":"2022-01-07T08:02:25","date_gmt":"2022-01-07T08:02:25","guid":{"rendered":"http:\/\/www.sadikefirbas.si\/?post_type=product&#038;p=33"},"modified":"2022-01-11T10:57:52","modified_gmt":"2022-01-11T10:57:52","slug":"palla-rossa","status":"publish","type":"product","link":"https:\/\/www.sadikefirbas.si\/?product=palla-rossa","title":{"rendered":"RADI\u010c PALLA ROSSA"},"content":{"rendered":"<p>Radi\u010d rde\u010di Palla Rossa je srednje zgodnja sorta, ki je odporna na zmrzal. Ima kompaktne okrogle glavice z vinsko rde\u010dimi listi, ki so odli\u010dnega in nekoliko grenkega okusa.<\/p>\n","protected":false},"excerpt":{"rendered":"<p>Radi\u010d rde\u010di Palla Rossa je srednje zgodnja sorta, ki je odporna na zmrzal. Ima kompaktne okrogle glavice z vinsko rde\u010dimi listi, ki so odli\u010dnega in nekoliko grenkega okusa.<\/p>\n","protected":false},"featured_media":34,"template":"","meta":{"spay_email":""},"product_cat":[18],"product_tag":[],"_links":{"self":[{"href":"https:\/\/www.sadikefirbas.si\/index.php?rest_route=\/wp\/v2\/product\/33"}],"collection":[{"href":"https:\/\/www.sadikefirbas.si\/index.php?rest_route=\/wp\/v2\/product"}],"about":[{"href":"https:\/\/www.sadikefirbas.si\/index.php?rest_route=\/wp\/v2\/types\/product"}],"wp:featuredmedia":[{"embeddable":true,"href":"https:\/\/www.sadikefirbas.si\/index.php?rest_route=\/wp\/v2\/media\/34"}],"wp:attachment":[{"href":"https:\/\/www.sadikefirbas.si\/index.php?rest_route=%2Fwp%2Fv2%2Fmedia&parent=33"}],"wp:term":[{"taxonomy":"product_cat","embeddable":true,"href":"https:\/\/www.sadikefirbas.si\/index.php?rest_route=%2Fwp%2Fv2%2Fproduct_cat&post=33"},{"taxonomy":"product_tag","embeddable":true,"href":"https:\/\/www.sadikefirbas.si\/index.php?rest_route=%2Fwp%2Fv2%2Fproduct_tag&post=33"}],"curies":[{"name":"wp","href":"https:\/\/api.w.org\/{rel}","templated":true}]}}