{"id":324,"date":"2022-05-23T06:51:50","date_gmt":"2022-05-23T06:51:50","guid":{"rendered":"https:\/\/www.sadikefirbas.si\/?post_type=product&#038;p=324"},"modified":"2022-05-23T07:11:58","modified_gmt":"2022-05-23T07:11:58","slug":"paradiznik-cheryberry","status":"publish","type":"product","link":"https:\/\/www.sadikefirbas.si\/?product=paradiznik-cheryberry","title":{"rendered":"PARADI\u017dNIK CHERYBERRY 18\/1"},"content":{"rendered":"<p>\u010ce\u0161njev paradi\u017enik v obliki jagode.<\/p>\n","protected":false},"excerpt":{"rendered":"<ul>\n<li>Artikel je pakiran v lon\u010dkih premera 9 cm.<\/li>\n<li>Plato zajema 18 kosov.<\/li>\n<\/ul>\n","protected":false},"featured_media":325,"template":"","meta":{"spay_email":""},"product_cat":[21,49,22],"product_tag":[],"_links":{"self":[{"href":"https:\/\/www.sadikefirbas.si\/index.php?rest_route=\/wp\/v2\/product\/324"}],"collection":[{"href":"https:\/\/www.sadikefirbas.si\/index.php?rest_route=\/wp\/v2\/product"}],"about":[{"href":"https:\/\/www.sadikefirbas.si\/index.php?rest_route=\/wp\/v2\/types\/product"}],"wp:featuredmedia":[{"embeddable":true,"href":"https:\/\/www.sadikefirbas.si\/index.php?rest_route=\/wp\/v2\/media\/325"}],"wp:attachment":[{"href":"https:\/\/www.sadikefirbas.si\/index.php?rest_route=%2Fwp%2Fv2%2Fmedia&parent=324"}],"wp:term":[{"taxonomy":"product_cat","embeddable":true,"href":"https:\/\/www.sadikefirbas.si\/index.php?rest_route=%2Fwp%2Fv2%2Fproduct_cat&post=324"},{"taxonomy":"product_tag","embeddable":true,"href":"https:\/\/www.sadikefirbas.si\/index.php?rest_route=%2Fwp%2Fv2%2Fproduct_tag&post=324"}],"curies":[{"name":"wp","href":"https:\/\/api.w.org\/{rel}","templated":true}]}}