{"id":31,"date":"2022-01-05T16:50:35","date_gmt":"2022-01-05T16:50:35","guid":{"rendered":"http:\/\/www.sadikefirbas.si\/?post_type=product&#038;p=31"},"modified":"2022-03-08T08:07:05","modified_gmt":"2022-03-08T08:07:05","slug":"hokkaido-buca","status":"publish","type":"product","link":"https:\/\/www.sadikefirbas.si\/?product=hokkaido-buca","title":{"rendered":"BU\u010cKA HOKKAIDO"},"content":{"rendered":"<p>Bu\u010da hru\u0161kaste oblike, z oran\u017eno rde\u010dim mesom (karotin, vitamin B1 in balastne snovi) rastejo na dolgih poganjkih. Bu\u010de so tudi zelo dekorativne.<\/p>\n","protected":false},"excerpt":{"rendered":"<p>Bu\u010da hru\u0161kaste oblike, z oran\u017eno rde\u010dim mesom (karotin, vitamin B1 in balastne snovi) rastejo na dolgih poganjkih. Bu\u010de so tudi zelo dekorativne.<\/p>\n","protected":false},"featured_media":32,"template":"","meta":{"spay_email":""},"product_cat":[17],"product_tag":[],"_links":{"self":[{"href":"https:\/\/www.sadikefirbas.si\/index.php?rest_route=\/wp\/v2\/product\/31"}],"collection":[{"href":"https:\/\/www.sadikefirbas.si\/index.php?rest_route=\/wp\/v2\/product"}],"about":[{"href":"https:\/\/www.sadikefirbas.si\/index.php?rest_route=\/wp\/v2\/types\/product"}],"wp:featuredmedia":[{"embeddable":true,"href":"https:\/\/www.sadikefirbas.si\/index.php?rest_route=\/wp\/v2\/media\/32"}],"wp:attachment":[{"href":"https:\/\/www.sadikefirbas.si\/index.php?rest_route=%2Fwp%2Fv2%2Fmedia&parent=31"}],"wp:term":[{"taxonomy":"product_cat","embeddable":true,"href":"https:\/\/www.sadikefirbas.si\/index.php?rest_route=%2Fwp%2Fv2%2Fproduct_cat&post=31"},{"taxonomy":"product_tag","embeddable":true,"href":"https:\/\/www.sadikefirbas.si\/index.php?rest_route=%2Fwp%2Fv2%2Fproduct_tag&post=31"}],"curies":[{"name":"wp","href":"https:\/\/api.w.org\/{rel}","templated":true}]}}