{"id":220,"date":"2022-03-06T06:40:52","date_gmt":"2022-03-06T06:40:52","guid":{"rendered":"https:\/\/www.sadikefirbas.si\/?post_type=product&#038;p=220"},"modified":"2022-03-06T18:43:14","modified_gmt":"2022-03-06T18:43:14","slug":"jagode-enkrat-rodne","status":"publish","type":"product","link":"https:\/\/www.sadikefirbas.si\/?product=jagode-enkrat-rodne","title":{"rendered":"JAGODE ENKRAT RODNE"},"content":{"rendered":"<p>Enkrat rodna jagoda je bujna sorta jagode, ki rodi zelo zgodaj. Plod je podolgovate, koni\u010daste oblike, ble\u0161\u010de\u010de svetlo rde\u010de barve z izredno speci?\u010dno aromo. Okus plodov je izvrsten, saj je sorta poznana po svoji sladkosti in dobri aromi.<\/p>\n","protected":false},"excerpt":{"rendered":"<p>Enkrat rodna jagoda je bujna sorta jagode, ki rodi zelo zgodaj. Plod je podolgovate, koni\u010daste oblike, ble\u0161\u010de\u010de svetlo rde\u010de barve z izredno speci?\u010dno aromo. Okus plodov je izvrsten, saj je sorta poznana po svoji sladkosti in dobri aromi.<\/p>\n","protected":false},"featured_media":221,"template":"","meta":{"spay_email":""},"product_cat":[24],"product_tag":[],"_links":{"self":[{"href":"https:\/\/www.sadikefirbas.si\/index.php?rest_route=\/wp\/v2\/product\/220"}],"collection":[{"href":"https:\/\/www.sadikefirbas.si\/index.php?rest_route=\/wp\/v2\/product"}],"about":[{"href":"https:\/\/www.sadikefirbas.si\/index.php?rest_route=\/wp\/v2\/types\/product"}],"wp:featuredmedia":[{"embeddable":true,"href":"https:\/\/www.sadikefirbas.si\/index.php?rest_route=\/wp\/v2\/media\/221"}],"wp:attachment":[{"href":"https:\/\/www.sadikefirbas.si\/index.php?rest_route=%2Fwp%2Fv2%2Fmedia&parent=220"}],"wp:term":[{"taxonomy":"product_cat","embeddable":true,"href":"https:\/\/www.sadikefirbas.si\/index.php?rest_route=%2Fwp%2Fv2%2Fproduct_cat&post=220"},{"taxonomy":"product_tag","embeddable":true,"href":"https:\/\/www.sadikefirbas.si\/index.php?rest_route=%2Fwp%2Fv2%2Fproduct_tag&post=220"}],"curies":[{"name":"wp","href":"https:\/\/api.w.org\/{rel}","templated":true}]}}