{"id":218,"date":"2022-03-06T06:35:40","date_gmt":"2022-03-06T06:35:40","guid":{"rendered":"https:\/\/www.sadikefirbas.si\/?post_type=product&#038;p=218"},"modified":"2022-03-06T18:50:55","modified_gmt":"2022-03-06T18:50:55","slug":"kumare-levina","status":"publish","type":"product","link":"https:\/\/www.sadikefirbas.si\/?product=kumare-levina","title":{"rendered":"KUMARE LEVINA"},"content":{"rendered":"<p>Kumare Levina so zgoden hibrid odporen na bolezni. Je najbolj\u0161a sorta kumar za vlaganje. Plodovi so temno zeleni in odli\u010dnega okusa. Sadimo jih na prostem ali v pokritih povr\u0161inah z oporo lahko pa tudi brez.<\/p>\n","protected":false},"excerpt":{"rendered":"<p>Kumare Levina so zgoden hibrid odporen na bolezni. Je najbolj\u0161a sorta kumar za vlaganje. Plodovi so temno zeleni in odli\u010dnega okusa. Sadimo jih na prostem ali v pokritih povr\u0161inah z oporo lahko pa tudi brez.<\/p>\n","protected":false},"featured_media":225,"template":"","meta":{"spay_email":""},"product_cat":[28,59],"product_tag":[],"_links":{"self":[{"href":"https:\/\/www.sadikefirbas.si\/index.php?rest_route=\/wp\/v2\/product\/218"}],"collection":[{"href":"https:\/\/www.sadikefirbas.si\/index.php?rest_route=\/wp\/v2\/product"}],"about":[{"href":"https:\/\/www.sadikefirbas.si\/index.php?rest_route=\/wp\/v2\/types\/product"}],"wp:featuredmedia":[{"embeddable":true,"href":"https:\/\/www.sadikefirbas.si\/index.php?rest_route=\/wp\/v2\/media\/225"}],"wp:attachment":[{"href":"https:\/\/www.sadikefirbas.si\/index.php?rest_route=%2Fwp%2Fv2%2Fmedia&parent=218"}],"wp:term":[{"taxonomy":"product_cat","embeddable":true,"href":"https:\/\/www.sadikefirbas.si\/index.php?rest_route=%2Fwp%2Fv2%2Fproduct_cat&post=218"},{"taxonomy":"product_tag","embeddable":true,"href":"https:\/\/www.sadikefirbas.si\/index.php?rest_route=%2Fwp%2Fv2%2Fproduct_tag&post=218"}],"curies":[{"name":"wp","href":"https:\/\/api.w.org\/{rel}","templated":true}]}}