{"id":217,"date":"2022-03-06T06:33:18","date_gmt":"2022-03-06T06:33:18","guid":{"rendered":"https:\/\/www.sadikefirbas.si\/?post_type=product&#038;p=217"},"modified":"2022-03-06T18:52:32","modified_gmt":"2022-03-06T18:52:32","slug":"kumare-delikates","status":"publish","type":"product","link":"https:\/\/www.sadikefirbas.si\/?product=kumare-delikates","title":{"rendered":"KUMARE DELIKATES"},"content":{"rendered":"<p>Kumare Delikates je zgodnja solatna kumara. Plodovi so srednje veliki in valjasti, svetlo zeleni s \u0161irokimi svetlimi progami, so\u010dni in ne pogrenijo. Majhne lahko tudi vlagamo. Odporne so na su\u0161o in bolezni.<\/p>\n","protected":false},"excerpt":{"rendered":"<p>Kumare Delikates je zgodnja solatna kumara. Plodovi so srednje veliki in valjasti, svetlo zeleni s \u0161irokimi svetlimi progami, so\u010dni in ne pogrenijo. Majhne lahko tudi vlagamo. Odporne so na su\u0161o in bolezni.<\/p>\n","protected":false},"featured_media":226,"template":"","meta":{"spay_email":""},"product_cat":[28,58],"product_tag":[],"_links":{"self":[{"href":"https:\/\/www.sadikefirbas.si\/index.php?rest_route=\/wp\/v2\/product\/217"}],"collection":[{"href":"https:\/\/www.sadikefirbas.si\/index.php?rest_route=\/wp\/v2\/product"}],"about":[{"href":"https:\/\/www.sadikefirbas.si\/index.php?rest_route=\/wp\/v2\/types\/product"}],"wp:featuredmedia":[{"embeddable":true,"href":"https:\/\/www.sadikefirbas.si\/index.php?rest_route=\/wp\/v2\/media\/226"}],"wp:attachment":[{"href":"https:\/\/www.sadikefirbas.si\/index.php?rest_route=%2Fwp%2Fv2%2Fmedia&parent=217"}],"wp:term":[{"taxonomy":"product_cat","embeddable":true,"href":"https:\/\/www.sadikefirbas.si\/index.php?rest_route=%2Fwp%2Fv2%2Fproduct_cat&post=217"},{"taxonomy":"product_tag","embeddable":true,"href":"https:\/\/www.sadikefirbas.si\/index.php?rest_route=%2Fwp%2Fv2%2Fproduct_tag&post=217"}],"curies":[{"name":"wp","href":"https:\/\/api.w.org\/{rel}","templated":true}]}}