{"id":216,"date":"2022-03-06T06:30:27","date_gmt":"2022-03-06T06:30:27","guid":{"rendered":"https:\/\/www.sadikefirbas.si\/?post_type=product&#038;p=216"},"modified":"2022-03-06T18:53:58","modified_gmt":"2022-03-06T18:53:58","slug":"cili-tabasco","status":"publish","type":"product","link":"https:\/\/www.sadikefirbas.si\/?product=cili-tabasco","title":{"rendered":"\u010cILI TABASCO"},"content":{"rendered":"<p>\u010cili Tabasco je eden najbolj znanih \u010dilijev v kulinariki, ki se uporablja najve\u010d za izdelavo peko\u010dih omak. Plodovi so ozki in podolgovati, ter srednje peko\u010di.<\/p>\n","protected":false},"excerpt":{"rendered":"<p>\u010cili Tabasco je eden najbolj znanih \u010dilijev v kulinariki, ki se uporablja najve\u010d za izdelavo peko\u010dih omak. Plodovi so ozki in podolgovati, ter srednje peko\u010di.<\/p>\n","protected":false},"featured_media":227,"template":"","meta":{"spay_email":""},"product_cat":[29],"product_tag":[],"_links":{"self":[{"href":"https:\/\/www.sadikefirbas.si\/index.php?rest_route=\/wp\/v2\/product\/216"}],"collection":[{"href":"https:\/\/www.sadikefirbas.si\/index.php?rest_route=\/wp\/v2\/product"}],"about":[{"href":"https:\/\/www.sadikefirbas.si\/index.php?rest_route=\/wp\/v2\/types\/product"}],"wp:featuredmedia":[{"embeddable":true,"href":"https:\/\/www.sadikefirbas.si\/index.php?rest_route=\/wp\/v2\/media\/227"}],"wp:attachment":[{"href":"https:\/\/www.sadikefirbas.si\/index.php?rest_route=%2Fwp%2Fv2%2Fmedia&parent=216"}],"wp:term":[{"taxonomy":"product_cat","embeddable":true,"href":"https:\/\/www.sadikefirbas.si\/index.php?rest_route=%2Fwp%2Fv2%2Fproduct_cat&post=216"},{"taxonomy":"product_tag","embeddable":true,"href":"https:\/\/www.sadikefirbas.si\/index.php?rest_route=%2Fwp%2Fv2%2Fproduct_tag&post=216"}],"curies":[{"name":"wp","href":"https:\/\/api.w.org\/{rel}","templated":true}]}}