{"id":214,"date":"2022-03-06T06:28:03","date_gmt":"2022-03-06T06:28:03","guid":{"rendered":"https:\/\/www.sadikefirbas.si\/?post_type=product&#038;p=214"},"modified":"2022-03-07T05:00:06","modified_gmt":"2022-03-07T05:00:06","slug":"feferoni-sladki","status":"publish","type":"product","link":"https:\/\/www.sadikefirbas.si\/?product=feferoni-sladki","title":{"rendered":"FEFERONI SLADKI"},"content":{"rendered":"<p>Je sladek, dolg feferon s tankob ko\u017eo. Svetlo zelena barva se v zrelosti spremeni v rde\u010do. Primeren je za sve\u017eo uporabo, vlaganje in su\u0161enje.<\/p>\n","protected":false},"excerpt":{"rendered":"<p>Je sladek, dolg feferon s tankob ko\u017eo. Svetlo zelena barva se v zrelosti spremeni v rde\u010do. Primeren je za sve\u017eo uporabo, vlaganje in su\u0161enje.<\/p>\n","protected":false},"featured_media":229,"template":"","meta":{"spay_email":""},"product_cat":[57],"product_tag":[],"_links":{"self":[{"href":"https:\/\/www.sadikefirbas.si\/index.php?rest_route=\/wp\/v2\/product\/214"}],"collection":[{"href":"https:\/\/www.sadikefirbas.si\/index.php?rest_route=\/wp\/v2\/product"}],"about":[{"href":"https:\/\/www.sadikefirbas.si\/index.php?rest_route=\/wp\/v2\/types\/product"}],"wp:featuredmedia":[{"embeddable":true,"href":"https:\/\/www.sadikefirbas.si\/index.php?rest_route=\/wp\/v2\/media\/229"}],"wp:attachment":[{"href":"https:\/\/www.sadikefirbas.si\/index.php?rest_route=%2Fwp%2Fv2%2Fmedia&parent=214"}],"wp:term":[{"taxonomy":"product_cat","embeddable":true,"href":"https:\/\/www.sadikefirbas.si\/index.php?rest_route=%2Fwp%2Fv2%2Fproduct_cat&post=214"},{"taxonomy":"product_tag","embeddable":true,"href":"https:\/\/www.sadikefirbas.si\/index.php?rest_route=%2Fwp%2Fv2%2Fproduct_tag&post=214"}],"curies":[{"name":"wp","href":"https:\/\/api.w.org\/{rel}","templated":true}]}}