{"id":211,"date":"2022-03-06T06:22:51","date_gmt":"2022-03-06T06:22:51","guid":{"rendered":"https:\/\/www.sadikefirbas.si\/?post_type=product&#038;p=211"},"modified":"2022-03-07T05:18:17","modified_gmt":"2022-03-07T05:18:17","slug":"paprika-kurtovska-kapija","status":"publish","type":"product","link":"https:\/\/www.sadikefirbas.si\/?product=paprika-kurtovska-kapija","title":{"rendered":"PAPRIKA KURTOVSKA KAPIJA"},"content":{"rendered":"<p>Paprika Kurtovska kapija je srednje pozna, podolgovata in zelo rodna sorta paprike. Plodovi so bo\u010dno splo\u0161\u010deni, zelene in intenzivno rde\u010de barve. Primerna za sve\u017eo rabo, pe\u010denje in vlaganje.<\/p>\n","protected":false},"excerpt":{"rendered":"<p>Paprika Kurtovska kapija je srednje pozna, podolgovata in zelo rodna sorta paprike. Plodovi so bo\u010dno splo\u0161\u010deni, zelene in intenzivno rde\u010de barve. Primerna za sve\u017eo rabo, pe\u010denje in vlaganje.<\/p>\n","protected":false},"featured_media":233,"template":"","meta":{"spay_email":""},"product_cat":[30,54],"product_tag":[],"_links":{"self":[{"href":"https:\/\/www.sadikefirbas.si\/index.php?rest_route=\/wp\/v2\/product\/211"}],"collection":[{"href":"https:\/\/www.sadikefirbas.si\/index.php?rest_route=\/wp\/v2\/product"}],"about":[{"href":"https:\/\/www.sadikefirbas.si\/index.php?rest_route=\/wp\/v2\/types\/product"}],"wp:featuredmedia":[{"embeddable":true,"href":"https:\/\/www.sadikefirbas.si\/index.php?rest_route=\/wp\/v2\/media\/233"}],"wp:attachment":[{"href":"https:\/\/www.sadikefirbas.si\/index.php?rest_route=%2Fwp%2Fv2%2Fmedia&parent=211"}],"wp:term":[{"taxonomy":"product_cat","embeddable":true,"href":"https:\/\/www.sadikefirbas.si\/index.php?rest_route=%2Fwp%2Fv2%2Fproduct_cat&post=211"},{"taxonomy":"product_tag","embeddable":true,"href":"https:\/\/www.sadikefirbas.si\/index.php?rest_route=%2Fwp%2Fv2%2Fproduct_tag&post=211"}],"curies":[{"name":"wp","href":"https:\/\/api.w.org\/{rel}","templated":true}]}}