{"id":209,"date":"2022-03-06T06:19:41","date_gmt":"2022-03-06T06:19:41","guid":{"rendered":"https:\/\/www.sadikefirbas.si\/?post_type=product&#038;p=209"},"modified":"2022-05-23T07:32:15","modified_gmt":"2022-05-23T07:32:15","slug":"paprika-kalifornijsko-cudo","status":"publish","type":"product","link":"https:\/\/www.sadikefirbas.si\/?product=paprika-kalifornijsko-cudo","title":{"rendered":"PAPRIKA KALIFORNIJSKO \u010cUDO"},"content":{"rendered":"<p>Paprika Kalifornijsko \u010dudo je temno zelena babura, ki v zrelosti prehaja v rde\u010do barvo. Plodovi so veliki, debeli, mesnati in sladkega okusa. Odli\u010dna paprika za takoj\u0161njo uporabo in predelavo.<\/p>\n","protected":false},"excerpt":{"rendered":"<p>Paprika Kalifornijsko \u010dudo je temno zelena babura, ki v zrelosti prehaja v rde\u010do barvo. Plodovi so veliki, debeli, mesnati in sladkega okusa. Odli\u010dna paprika za takoj\u0161njo uporabo in predelavo.<\/p>\n","protected":false},"featured_media":235,"template":"","meta":{"spay_email":""},"product_cat":[60,30],"product_tag":[],"_links":{"self":[{"href":"https:\/\/www.sadikefirbas.si\/index.php?rest_route=\/wp\/v2\/product\/209"}],"collection":[{"href":"https:\/\/www.sadikefirbas.si\/index.php?rest_route=\/wp\/v2\/product"}],"about":[{"href":"https:\/\/www.sadikefirbas.si\/index.php?rest_route=\/wp\/v2\/types\/product"}],"wp:featuredmedia":[{"embeddable":true,"href":"https:\/\/www.sadikefirbas.si\/index.php?rest_route=\/wp\/v2\/media\/235"}],"wp:attachment":[{"href":"https:\/\/www.sadikefirbas.si\/index.php?rest_route=%2Fwp%2Fv2%2Fmedia&parent=209"}],"wp:term":[{"taxonomy":"product_cat","embeddable":true,"href":"https:\/\/www.sadikefirbas.si\/index.php?rest_route=%2Fwp%2Fv2%2Fproduct_cat&post=209"},{"taxonomy":"product_tag","embeddable":true,"href":"https:\/\/www.sadikefirbas.si\/index.php?rest_route=%2Fwp%2Fv2%2Fproduct_tag&post=209"}],"curies":[{"name":"wp","href":"https:\/\/api.w.org\/{rel}","templated":true}]}}