{"id":203,"date":"2022-03-06T06:08:21","date_gmt":"2022-03-06T06:08:21","guid":{"rendered":"https:\/\/www.sadikefirbas.si\/?post_type=product&#038;p=203"},"modified":"2022-03-07T05:37:29","modified_gmt":"2022-03-07T05:37:29","slug":"paradiznik-elisir","status":"publish","type":"product","link":"https:\/\/www.sadikefirbas.si\/?product=paradiznik-elisir","title":{"rendered":"PARADI\u017dNIK ELISIR"},"content":{"rendered":"<p>Je okrogel paradi\u017enik \u017eivo rde\u010de barve. Odli\u010den v okusu in zelo odporen proti boleznim. Primeren je za gojenje v rastlinjakih in na prostem.<\/p>\n","protected":false},"excerpt":{"rendered":"<p>Je okrogel paradi\u017enik \u017eivo rde\u010de barve. Odli\u010den v okusu in zelo odporen proti boleznim. Primeren je za gojenje v rastlinjakih in na prostem.<\/p>\n","protected":false},"featured_media":241,"template":"","meta":{"spay_email":""},"product_cat":[50,22],"product_tag":[],"_links":{"self":[{"href":"https:\/\/www.sadikefirbas.si\/index.php?rest_route=\/wp\/v2\/product\/203"}],"collection":[{"href":"https:\/\/www.sadikefirbas.si\/index.php?rest_route=\/wp\/v2\/product"}],"about":[{"href":"https:\/\/www.sadikefirbas.si\/index.php?rest_route=\/wp\/v2\/types\/product"}],"wp:featuredmedia":[{"embeddable":true,"href":"https:\/\/www.sadikefirbas.si\/index.php?rest_route=\/wp\/v2\/media\/241"}],"wp:attachment":[{"href":"https:\/\/www.sadikefirbas.si\/index.php?rest_route=%2Fwp%2Fv2%2Fmedia&parent=203"}],"wp:term":[{"taxonomy":"product_cat","embeddable":true,"href":"https:\/\/www.sadikefirbas.si\/index.php?rest_route=%2Fwp%2Fv2%2Fproduct_cat&post=203"},{"taxonomy":"product_tag","embeddable":true,"href":"https:\/\/www.sadikefirbas.si\/index.php?rest_route=%2Fwp%2Fv2%2Fproduct_tag&post=203"}],"curies":[{"name":"wp","href":"https:\/\/api.w.org\/{rel}","templated":true}]}}