{"id":202,"date":"2022-03-06T06:06:46","date_gmt":"2022-03-06T06:06:46","guid":{"rendered":"https:\/\/www.sadikefirbas.si\/?post_type=product&#038;p=202"},"modified":"2022-03-07T05:41:55","modified_gmt":"2022-03-07T05:41:55","slug":"paradiznik-cherry-baby","status":"publish","type":"product","link":"https:\/\/www.sadikefirbas.si\/?product=paradiznik-cherry-baby","title":{"rendered":"PARADI\u017dNIK CHERRY BABY"},"content":{"rendered":"<p>Je srednje zgoden, odporen, zelo roden paradi\u017enik \u010de\u0161njevec, ki se dobro prilagodi razli\u010dnim vremenskim razmeram. Primeren za vzgojo na prostem.<\/p>\n","protected":false},"excerpt":{"rendered":"<p>Je srednje zgoden, odporen, zelo roden paradi\u017enik \u010de\u0161njevec, ki se dobro prilagodi razli\u010dnim vremenskim razmeram. Primeren za vzgojo na prostem.<\/p>\n","protected":false},"featured_media":244,"template":"","meta":{"spay_email":""},"product_cat":[49,22],"product_tag":[],"_links":{"self":[{"href":"https:\/\/www.sadikefirbas.si\/index.php?rest_route=\/wp\/v2\/product\/202"}],"collection":[{"href":"https:\/\/www.sadikefirbas.si\/index.php?rest_route=\/wp\/v2\/product"}],"about":[{"href":"https:\/\/www.sadikefirbas.si\/index.php?rest_route=\/wp\/v2\/types\/product"}],"wp:featuredmedia":[{"embeddable":true,"href":"https:\/\/www.sadikefirbas.si\/index.php?rest_route=\/wp\/v2\/media\/244"}],"wp:attachment":[{"href":"https:\/\/www.sadikefirbas.si\/index.php?rest_route=%2Fwp%2Fv2%2Fmedia&parent=202"}],"wp:term":[{"taxonomy":"product_cat","embeddable":true,"href":"https:\/\/www.sadikefirbas.si\/index.php?rest_route=%2Fwp%2Fv2%2Fproduct_cat&post=202"},{"taxonomy":"product_tag","embeddable":true,"href":"https:\/\/www.sadikefirbas.si\/index.php?rest_route=%2Fwp%2Fv2%2Fproduct_tag&post=202"}],"curies":[{"name":"wp","href":"https:\/\/api.w.org\/{rel}","templated":true}]}}