{"id":201,"date":"2022-03-06T05:57:41","date_gmt":"2022-03-06T05:57:41","guid":{"rendered":"https:\/\/www.sadikefirbas.si\/?post_type=product&#038;p=201"},"modified":"2022-03-07T05:40:39","modified_gmt":"2022-03-07T05:40:39","slug":"paradiznik-precioso","status":"publish","type":"product","link":"https:\/\/www.sadikefirbas.si\/?product=paradiznik-precioso","title":{"rendered":"PARADI\u017dNIK PRECIOSO"},"content":{"rendered":"<p>Je nova sorta \u010de\u0161njevega paradi\u017enika, zgodnje bujne rasti. Dozorevanje je srednje zgodnje. Hibrid je primeren za vzgojo na prostem kot na pokritih povr\u0161inah.<\/p>\n","protected":false},"excerpt":{"rendered":"<p>Je nova sorta \u010de\u0161njevega paradi\u017enika, zgodnje bujne rasti. Dozorevanje je srednje zgodnje. Hibrid je primeren za vzgojo na prostem kot na pokritih povr\u0161inah.<\/p>\n","protected":false},"featured_media":243,"template":"","meta":{"spay_email":""},"product_cat":[49,22],"product_tag":[],"_links":{"self":[{"href":"https:\/\/www.sadikefirbas.si\/index.php?rest_route=\/wp\/v2\/product\/201"}],"collection":[{"href":"https:\/\/www.sadikefirbas.si\/index.php?rest_route=\/wp\/v2\/product"}],"about":[{"href":"https:\/\/www.sadikefirbas.si\/index.php?rest_route=\/wp\/v2\/types\/product"}],"wp:featuredmedia":[{"embeddable":true,"href":"https:\/\/www.sadikefirbas.si\/index.php?rest_route=\/wp\/v2\/media\/243"}],"wp:attachment":[{"href":"https:\/\/www.sadikefirbas.si\/index.php?rest_route=%2Fwp%2Fv2%2Fmedia&parent=201"}],"wp:term":[{"taxonomy":"product_cat","embeddable":true,"href":"https:\/\/www.sadikefirbas.si\/index.php?rest_route=%2Fwp%2Fv2%2Fproduct_cat&post=201"},{"taxonomy":"product_tag","embeddable":true,"href":"https:\/\/www.sadikefirbas.si\/index.php?rest_route=%2Fwp%2Fv2%2Fproduct_tag&post=201"}],"curies":[{"name":"wp","href":"https:\/\/api.w.org\/{rel}","templated":true}]}}