{"id":200,"date":"2022-03-06T05:55:58","date_gmt":"2022-03-06T05:55:58","guid":{"rendered":"https:\/\/www.sadikefirbas.si\/?post_type=product&#038;p=200"},"modified":"2022-03-07T05:39:02","modified_gmt":"2022-03-07T05:39:02","slug":"paradiznik-grappolo","status":"publish","type":"product","link":"https:\/\/www.sadikefirbas.si\/?product=paradiznik-grappolo","title":{"rendered":"PARADI\u017dNIK GRAPPOLO"},"content":{"rendered":"<p>Je cepljeni paradi\u017enik zgodnje grozdaste sorte. Ima odli\u010den okus in je zelo odporen proti boleznim. Primeren je za gojenje na prostem kot v rastlinjakih.<\/p>\n","protected":false},"excerpt":{"rendered":"<p>Je cepljeni paradi\u017enik zgodnje grozdaste sorte. Ima odli\u010den okus in je zelo odporen proti boleznim. Primeren je za gojenje na prostem kot v rastlinjakih.<\/p>\n","protected":false},"featured_media":242,"template":"","meta":{"spay_email":""},"product_cat":[48,22],"product_tag":[],"_links":{"self":[{"href":"https:\/\/www.sadikefirbas.si\/index.php?rest_route=\/wp\/v2\/product\/200"}],"collection":[{"href":"https:\/\/www.sadikefirbas.si\/index.php?rest_route=\/wp\/v2\/product"}],"about":[{"href":"https:\/\/www.sadikefirbas.si\/index.php?rest_route=\/wp\/v2\/types\/product"}],"wp:featuredmedia":[{"embeddable":true,"href":"https:\/\/www.sadikefirbas.si\/index.php?rest_route=\/wp\/v2\/media\/242"}],"wp:attachment":[{"href":"https:\/\/www.sadikefirbas.si\/index.php?rest_route=%2Fwp%2Fv2%2Fmedia&parent=200"}],"wp:term":[{"taxonomy":"product_cat","embeddable":true,"href":"https:\/\/www.sadikefirbas.si\/index.php?rest_route=%2Fwp%2Fv2%2Fproduct_cat&post=200"},{"taxonomy":"product_tag","embeddable":true,"href":"https:\/\/www.sadikefirbas.si\/index.php?rest_route=%2Fwp%2Fv2%2Fproduct_tag&post=200"}],"curies":[{"name":"wp","href":"https:\/\/api.w.org\/{rel}","templated":true}]}}