{"id":199,"date":"2022-03-06T05:53:16","date_gmt":"2022-03-06T05:53:16","guid":{"rendered":"https:\/\/www.sadikefirbas.si\/?post_type=product&#038;p=199"},"modified":"2022-03-07T05:44:15","modified_gmt":"2022-03-07T05:44:15","slug":"paradiznik-novosadski-jabucar","status":"publish","type":"product","link":"https:\/\/www.sadikefirbas.si\/?product=paradiznik-novosadski-jabucar","title":{"rendered":"PARADI\u017dNIK NOVOSADSKI JABU\u010cAR"},"content":{"rendered":"<p>Je srednje zgodnja, visoka sorta, s plo\u0161\u010dato okroglimi plodovi. Sorta je primerna za takoj\u0161njo uporabo.<\/p>\n","protected":false},"excerpt":{"rendered":"<p>Je srednje zgodnja, visoka sorta, s plo\u0161\u010dato okroglimi plodovi. Sorta je primerna za takoj\u0161njo uporabo.<\/p>\n","protected":false},"featured_media":245,"template":"","meta":{"spay_email":""},"product_cat":[22,46],"product_tag":[],"_links":{"self":[{"href":"https:\/\/www.sadikefirbas.si\/index.php?rest_route=\/wp\/v2\/product\/199"}],"collection":[{"href":"https:\/\/www.sadikefirbas.si\/index.php?rest_route=\/wp\/v2\/product"}],"about":[{"href":"https:\/\/www.sadikefirbas.si\/index.php?rest_route=\/wp\/v2\/types\/product"}],"wp:featuredmedia":[{"embeddable":true,"href":"https:\/\/www.sadikefirbas.si\/index.php?rest_route=\/wp\/v2\/media\/245"}],"wp:attachment":[{"href":"https:\/\/www.sadikefirbas.si\/index.php?rest_route=%2Fwp%2Fv2%2Fmedia&parent=199"}],"wp:term":[{"taxonomy":"product_cat","embeddable":true,"href":"https:\/\/www.sadikefirbas.si\/index.php?rest_route=%2Fwp%2Fv2%2Fproduct_cat&post=199"},{"taxonomy":"product_tag","embeddable":true,"href":"https:\/\/www.sadikefirbas.si\/index.php?rest_route=%2Fwp%2Fv2%2Fproduct_tag&post=199"}],"curies":[{"name":"wp","href":"https:\/\/api.w.org\/{rel}","templated":true}]}}