{"id":198,"date":"2022-03-06T05:51:22","date_gmt":"2022-03-06T05:51:22","guid":{"rendered":"https:\/\/www.sadikefirbas.si\/?post_type=product&#038;p=198"},"modified":"2022-03-07T05:43:49","modified_gmt":"2022-03-07T05:43:49","slug":"paradiznik-saint-pierre","status":"publish","type":"product","link":"https:\/\/www.sadikefirbas.si\/?product=paradiznik-saint-pierre","title":{"rendered":"PARADI\u017dNIK SAINT PIERRE"},"content":{"rendered":"<p>Je stara tradicionalna sorta francoskega paradi\u017enika. Klasi\u010dni okroglo rde\u010di paradi\u017enik z mesnatim dele\u017eem. Obdr\u017ei se tudi v hladnej\u0161ih obmo\u010djih vse do zmrzali.<\/p>\n","protected":false},"excerpt":{"rendered":"<p>Je stara tradicionalna sorta francoskega paradi\u017enika. Klasi\u010dni okroglo rde\u010di paradi\u017enik z mesnatim dele\u017eem. Obdr\u017ei se tudi v hladnej\u0161ih obmo\u010djih vse do zmrzali.<\/p>\n","protected":false},"featured_media":245,"template":"","meta":{"spay_email":""},"product_cat":[22,47],"product_tag":[],"_links":{"self":[{"href":"https:\/\/www.sadikefirbas.si\/index.php?rest_route=\/wp\/v2\/product\/198"}],"collection":[{"href":"https:\/\/www.sadikefirbas.si\/index.php?rest_route=\/wp\/v2\/product"}],"about":[{"href":"https:\/\/www.sadikefirbas.si\/index.php?rest_route=\/wp\/v2\/types\/product"}],"wp:featuredmedia":[{"embeddable":true,"href":"https:\/\/www.sadikefirbas.si\/index.php?rest_route=\/wp\/v2\/media\/245"}],"wp:attachment":[{"href":"https:\/\/www.sadikefirbas.si\/index.php?rest_route=%2Fwp%2Fv2%2Fmedia&parent=198"}],"wp:term":[{"taxonomy":"product_cat","embeddable":true,"href":"https:\/\/www.sadikefirbas.si\/index.php?rest_route=%2Fwp%2Fv2%2Fproduct_cat&post=198"},{"taxonomy":"product_tag","embeddable":true,"href":"https:\/\/www.sadikefirbas.si\/index.php?rest_route=%2Fwp%2Fv2%2Fproduct_tag&post=198"}],"curies":[{"name":"wp","href":"https:\/\/api.w.org\/{rel}","templated":true}]}}