{"id":196,"date":"2022-03-06T05:48:37","date_gmt":"2022-03-06T05:48:37","guid":{"rendered":"https:\/\/www.sadikefirbas.si\/?post_type=product&#038;p=196"},"modified":"2022-03-07T05:54:23","modified_gmt":"2022-03-07T05:54:23","slug":"paradiznik-mesnati","status":"publish","type":"product","link":"https:\/\/www.sadikefirbas.si\/?product=paradiznik-mesnati","title":{"rendered":"PARADI\u017dNIK HEINZ"},"content":{"rendered":"<p>Je paradi\u017enik zgodnje sorte, ki ne potrebuje opore. Veliki plodovi so okrogli do plo\u0161\u010dato okrogli, mesnati, ble\u0161\u010de\u010de rde\u010de barve.<\/p>\n","protected":false},"excerpt":{"rendered":"<p>Je paradi\u017enik zgodnje sorte, ki ne potrebuje opore. Veliki plodovi so okrogli do plo\u0161\u010dato okrogli, mesnati, ble\u0161\u010de\u010de rde\u010de barve.<\/p>\n","protected":false},"featured_media":249,"template":"","meta":{"spay_email":""},"product_cat":[45,22],"product_tag":[],"_links":{"self":[{"href":"https:\/\/www.sadikefirbas.si\/index.php?rest_route=\/wp\/v2\/product\/196"}],"collection":[{"href":"https:\/\/www.sadikefirbas.si\/index.php?rest_route=\/wp\/v2\/product"}],"about":[{"href":"https:\/\/www.sadikefirbas.si\/index.php?rest_route=\/wp\/v2\/types\/product"}],"wp:featuredmedia":[{"embeddable":true,"href":"https:\/\/www.sadikefirbas.si\/index.php?rest_route=\/wp\/v2\/media\/249"}],"wp:attachment":[{"href":"https:\/\/www.sadikefirbas.si\/index.php?rest_route=%2Fwp%2Fv2%2Fmedia&parent=196"}],"wp:term":[{"taxonomy":"product_cat","embeddable":true,"href":"https:\/\/www.sadikefirbas.si\/index.php?rest_route=%2Fwp%2Fv2%2Fproduct_cat&post=196"},{"taxonomy":"product_tag","embeddable":true,"href":"https:\/\/www.sadikefirbas.si\/index.php?rest_route=%2Fwp%2Fv2%2Fproduct_tag&post=196"}],"curies":[{"name":"wp","href":"https:\/\/api.w.org\/{rel}","templated":true}]}}