{"id":194,"date":"2022-03-06T05:36:11","date_gmt":"2022-03-06T05:36:11","guid":{"rendered":"https:\/\/www.sadikefirbas.si\/?post_type=product&#038;p=194"},"modified":"2022-03-07T05:50:04","modified_gmt":"2022-03-07T05:50:04","slug":"paradiznik-monte-carlo","status":"publish","type":"product","link":"https:\/\/www.sadikefirbas.si\/?product=paradiznik-monte-carlo","title":{"rendered":"PARADI\u017dNIK MONTE CARLO"},"content":{"rendered":"<p>Je zgodnja sorta visokega paradi\u017enika, ki se goji poleti in jeseni na prostem ali v plastenjakih. Paradi\u017enik uspeva na son\u010dnih legah, kje so tla srednje te\u017eka, dobro odcedna. Uporablja se tako za sve\u017ee solate kot za predelavo v paradi\u017enikovo mezgo.<\/p>\n","protected":false},"excerpt":{"rendered":"<p>Je zgodnja sorta visokega paradi\u017enika, ki se goji poleti in jeseni na prostem ali v plastenjakih. Paradi\u017enik uspeva na son\u010dnih legah, kje so tla srednje te\u017eka, dobro odcedna. Uporablja se tako za sve\u017ee solate kot za predelavo v paradi\u017enikovo mezgo.<\/p>\n","protected":false},"featured_media":247,"template":"","meta":{"spay_email":""},"product_cat":[45,22],"product_tag":[],"_links":{"self":[{"href":"https:\/\/www.sadikefirbas.si\/index.php?rest_route=\/wp\/v2\/product\/194"}],"collection":[{"href":"https:\/\/www.sadikefirbas.si\/index.php?rest_route=\/wp\/v2\/product"}],"about":[{"href":"https:\/\/www.sadikefirbas.si\/index.php?rest_route=\/wp\/v2\/types\/product"}],"wp:featuredmedia":[{"embeddable":true,"href":"https:\/\/www.sadikefirbas.si\/index.php?rest_route=\/wp\/v2\/media\/247"}],"wp:attachment":[{"href":"https:\/\/www.sadikefirbas.si\/index.php?rest_route=%2Fwp%2Fv2%2Fmedia&parent=194"}],"wp:term":[{"taxonomy":"product_cat","embeddable":true,"href":"https:\/\/www.sadikefirbas.si\/index.php?rest_route=%2Fwp%2Fv2%2Fproduct_cat&post=194"},{"taxonomy":"product_tag","embeddable":true,"href":"https:\/\/www.sadikefirbas.si\/index.php?rest_route=%2Fwp%2Fv2%2Fproduct_tag&post=194"}],"curies":[{"name":"wp","href":"https:\/\/api.w.org\/{rel}","templated":true}]}}