{"id":187,"date":"2022-03-02T07:51:51","date_gmt":"2022-03-02T07:51:51","guid":{"rendered":"https:\/\/www.sadikefirbas.si\/?post_type=product&#038;p=187"},"modified":"2022-03-02T07:51:51","modified_gmt":"2022-03-02T07:51:51","slug":"cebula-rjava","status":"publish","type":"product","link":"https:\/\/www.sadikefirbas.si\/?product=cebula-rjava","title":{"rendered":"\u010cEBULA RJAVA"},"content":{"rendered":"<p>\u010cebula rjava je srednje zgodnja \u010debula z izjemnim okusom. Ta sorta \u010debule je zaradi svoje velikosti in te\u017ee uporabna kot priloga za hamburgerje, kebabe in solate.<\/p>\n","protected":false},"excerpt":{"rendered":"<p>\u010cebula rjava je srednje zgodnja \u010debula z izjemnim okusom. Ta sorta \u010debule je zaradi svoje velikosti in te\u017ee uporabna kot priloga za hamburgerje, kebabe in solate.<\/p>\n","protected":false},"featured_media":188,"template":"","meta":{"spay_email":""},"product_cat":[43],"product_tag":[],"_links":{"self":[{"href":"https:\/\/www.sadikefirbas.si\/index.php?rest_route=\/wp\/v2\/product\/187"}],"collection":[{"href":"https:\/\/www.sadikefirbas.si\/index.php?rest_route=\/wp\/v2\/product"}],"about":[{"href":"https:\/\/www.sadikefirbas.si\/index.php?rest_route=\/wp\/v2\/types\/product"}],"wp:featuredmedia":[{"embeddable":true,"href":"https:\/\/www.sadikefirbas.si\/index.php?rest_route=\/wp\/v2\/media\/188"}],"wp:attachment":[{"href":"https:\/\/www.sadikefirbas.si\/index.php?rest_route=%2Fwp%2Fv2%2Fmedia&parent=187"}],"wp:term":[{"taxonomy":"product_cat","embeddable":true,"href":"https:\/\/www.sadikefirbas.si\/index.php?rest_route=%2Fwp%2Fv2%2Fproduct_cat&post=187"},{"taxonomy":"product_tag","embeddable":true,"href":"https:\/\/www.sadikefirbas.si\/index.php?rest_route=%2Fwp%2Fv2%2Fproduct_tag&post=187"}],"curies":[{"name":"wp","href":"https:\/\/api.w.org\/{rel}","templated":true}]}}