{"id":185,"date":"2022-03-02T07:47:33","date_gmt":"2022-03-02T07:47:33","guid":{"rendered":"https:\/\/www.sadikefirbas.si\/?post_type=product&#038;p=185"},"modified":"2022-03-02T07:47:33","modified_gmt":"2022-03-02T07:47:33","slug":"cebula-bela","status":"publish","type":"product","link":"https:\/\/www.sadikefirbas.si\/?product=cebula-bela","title":{"rendered":"\u010cEBULA BELA"},"content":{"rendered":"<p>Bela \u010debula je plo\u0161\u010dato okrogla zimska \u010debula z belim, mehkim mesom blagega okusa.<\/p>\n","protected":false},"excerpt":{"rendered":"<p>Bela \u010debula je plo\u0161\u010dato okrogla zimska \u010debula z belim, mehkim mesom blagega okusa.<\/p>\n","protected":false},"featured_media":186,"template":"","meta":{"spay_email":""},"product_cat":[43],"product_tag":[],"_links":{"self":[{"href":"https:\/\/www.sadikefirbas.si\/index.php?rest_route=\/wp\/v2\/product\/185"}],"collection":[{"href":"https:\/\/www.sadikefirbas.si\/index.php?rest_route=\/wp\/v2\/product"}],"about":[{"href":"https:\/\/www.sadikefirbas.si\/index.php?rest_route=\/wp\/v2\/types\/product"}],"wp:featuredmedia":[{"embeddable":true,"href":"https:\/\/www.sadikefirbas.si\/index.php?rest_route=\/wp\/v2\/media\/186"}],"wp:attachment":[{"href":"https:\/\/www.sadikefirbas.si\/index.php?rest_route=%2Fwp%2Fv2%2Fmedia&parent=185"}],"wp:term":[{"taxonomy":"product_cat","embeddable":true,"href":"https:\/\/www.sadikefirbas.si\/index.php?rest_route=%2Fwp%2Fv2%2Fproduct_cat&post=185"},{"taxonomy":"product_tag","embeddable":true,"href":"https:\/\/www.sadikefirbas.si\/index.php?rest_route=%2Fwp%2Fv2%2Fproduct_tag&post=185"}],"curies":[{"name":"wp","href":"https:\/\/api.w.org\/{rel}","templated":true}]}}