{"id":183,"date":"2022-02-27T19:17:49","date_gmt":"2022-02-27T19:17:49","guid":{"rendered":"https:\/\/www.sadikefirbas.si\/?post_type=product&#038;p=183"},"modified":"2022-02-27T19:17:49","modified_gmt":"2022-02-27T19:17:49","slug":"petersilj-kodrolistni","status":"publish","type":"product","link":"https:\/\/www.sadikefirbas.si\/?product=petersilj-kodrolistni","title":{"rendered":"PETER\u0160ILJ KODROLISTNI"},"content":{"rendered":"<p>Kodrolistni peter\u0161ilj ima lepe zelene kodraste liste, kateri slu\u017eijo tudi kot okras jedem. Sejemo ga vsako leto na drugo mesto. Dobri sosedje so paradi\u017enik, \u010debula, redkvica in redkev.<\/p>\n","protected":false},"excerpt":{"rendered":"<p>Kodrolistni peter\u0161ilj ima lepe zelene kodraste liste, kateri slu\u017eijo tudi kot okras jedem. Sejemo ga vsako leto na drugo mesto. Dobri sosedje so paradi\u017enik, \u010debula, redkvica in redkev.<\/p>\n","protected":false},"featured_media":184,"template":"","meta":{"spay_email":""},"product_cat":[42],"product_tag":[],"_links":{"self":[{"href":"https:\/\/www.sadikefirbas.si\/index.php?rest_route=\/wp\/v2\/product\/183"}],"collection":[{"href":"https:\/\/www.sadikefirbas.si\/index.php?rest_route=\/wp\/v2\/product"}],"about":[{"href":"https:\/\/www.sadikefirbas.si\/index.php?rest_route=\/wp\/v2\/types\/product"}],"wp:featuredmedia":[{"embeddable":true,"href":"https:\/\/www.sadikefirbas.si\/index.php?rest_route=\/wp\/v2\/media\/184"}],"wp:attachment":[{"href":"https:\/\/www.sadikefirbas.si\/index.php?rest_route=%2Fwp%2Fv2%2Fmedia&parent=183"}],"wp:term":[{"taxonomy":"product_cat","embeddable":true,"href":"https:\/\/www.sadikefirbas.si\/index.php?rest_route=%2Fwp%2Fv2%2Fproduct_cat&post=183"},{"taxonomy":"product_tag","embeddable":true,"href":"https:\/\/www.sadikefirbas.si\/index.php?rest_route=%2Fwp%2Fv2%2Fproduct_tag&post=183"}],"curies":[{"name":"wp","href":"https:\/\/api.w.org\/{rel}","templated":true}]}}