{"id":181,"date":"2022-02-27T19:13:30","date_gmt":"2022-02-27T19:13:30","guid":{"rendered":"https:\/\/www.sadikefirbas.si\/?post_type=product&#038;p=181"},"modified":"2022-02-27T19:13:30","modified_gmt":"2022-02-27T19:13:30","slug":"petersilj-listni","status":"publish","type":"product","link":"https:\/\/www.sadikefirbas.si\/?product=petersilj-listni","title":{"rendered":"PETER\u0160ILJ LISTNI"},"content":{"rendered":"<p>Peter\u0161ilj listni ima \u0161iroke zelene liste, ki dose\u017ee bujno, ko\u0161ato rast. Nepogre\u0161ljiv v vsaki kuhinji, saj se uporablja za enolon\u010dnice, juhe, omake, namaze.<\/p>\n","protected":false},"excerpt":{"rendered":"<p>Peter\u0161ilj listni ima \u0161iroke zelene liste, ki dose\u017ee bujno, ko\u0161ato rast. Nepogre\u0161ljiv v vsaki kuhinji, saj se uporablja za enolon\u010dnice, juhe, omake, namaze.<\/p>\n","protected":false},"featured_media":182,"template":"","meta":{"spay_email":""},"product_cat":[42],"product_tag":[],"_links":{"self":[{"href":"https:\/\/www.sadikefirbas.si\/index.php?rest_route=\/wp\/v2\/product\/181"}],"collection":[{"href":"https:\/\/www.sadikefirbas.si\/index.php?rest_route=\/wp\/v2\/product"}],"about":[{"href":"https:\/\/www.sadikefirbas.si\/index.php?rest_route=\/wp\/v2\/types\/product"}],"wp:featuredmedia":[{"embeddable":true,"href":"https:\/\/www.sadikefirbas.si\/index.php?rest_route=\/wp\/v2\/media\/182"}],"wp:attachment":[{"href":"https:\/\/www.sadikefirbas.si\/index.php?rest_route=%2Fwp%2Fv2%2Fmedia&parent=181"}],"wp:term":[{"taxonomy":"product_cat","embeddable":true,"href":"https:\/\/www.sadikefirbas.si\/index.php?rest_route=%2Fwp%2Fv2%2Fproduct_cat&post=181"},{"taxonomy":"product_tag","embeddable":true,"href":"https:\/\/www.sadikefirbas.si\/index.php?rest_route=%2Fwp%2Fv2%2Fproduct_tag&post=181"}],"curies":[{"name":"wp","href":"https:\/\/api.w.org\/{rel}","templated":true}]}}