{"id":179,"date":"2022-02-27T19:09:19","date_gmt":"2022-02-27T19:09:19","guid":{"rendered":"https:\/\/www.sadikefirbas.si\/?post_type=product&#038;p=179"},"modified":"2022-02-27T19:09:53","modified_gmt":"2022-02-27T19:09:53","slug":"petersil-korenasti","status":"publish","type":"product","link":"https:\/\/www.sadikefirbas.si\/?product=petersil-korenasti","title":{"rendered":"PETER\u0160ILJ KORENASTI"},"content":{"rendered":"<p>Korenasti peter\u0161ilj je sorta peter\u0161ilja, ki se goji kot koren zelenjave. Ta vrsta peter\u0161ilja proizvaja debelej\u0161e korenine kot vrste, ki se gojijoo za liste. Koren peter\u0161ilja se uporablja kot dodatek za v juhe in enolon\u010dnice, ali pa se preprosto u\u017eiva surov, kot prigrizek.<\/p>\n","protected":false},"excerpt":{"rendered":"<p>Korenasti peter\u0161ilj je sorta peter\u0161ilja, ki se goji kot koren zelenjave. Ta vrsta peter\u0161ilja proizvaja debelej\u0161e korenine kot vrste, ki se gojijoo za liste. Koren peter\u0161ilja se uporablja kot dodatek za v juhe in enolon\u010dnice, ali pa se preprosto u\u017eiva surov, kot prigrizek.<\/p>\n","protected":false},"featured_media":180,"template":"","meta":{"spay_email":""},"product_cat":[42],"product_tag":[],"_links":{"self":[{"href":"https:\/\/www.sadikefirbas.si\/index.php?rest_route=\/wp\/v2\/product\/179"}],"collection":[{"href":"https:\/\/www.sadikefirbas.si\/index.php?rest_route=\/wp\/v2\/product"}],"about":[{"href":"https:\/\/www.sadikefirbas.si\/index.php?rest_route=\/wp\/v2\/types\/product"}],"wp:featuredmedia":[{"embeddable":true,"href":"https:\/\/www.sadikefirbas.si\/index.php?rest_route=\/wp\/v2\/media\/180"}],"wp:attachment":[{"href":"https:\/\/www.sadikefirbas.si\/index.php?rest_route=%2Fwp%2Fv2%2Fmedia&parent=179"}],"wp:term":[{"taxonomy":"product_cat","embeddable":true,"href":"https:\/\/www.sadikefirbas.si\/index.php?rest_route=%2Fwp%2Fv2%2Fproduct_cat&post=179"},{"taxonomy":"product_tag","embeddable":true,"href":"https:\/\/www.sadikefirbas.si\/index.php?rest_route=%2Fwp%2Fv2%2Fproduct_tag&post=179"}],"curies":[{"name":"wp","href":"https:\/\/api.w.org\/{rel}","templated":true}]}}