{"id":164,"date":"2022-02-26T09:52:15","date_gmt":"2022-02-26T09:52:15","guid":{"rendered":"https:\/\/www.sadikefirbas.si\/?post_type=product&#038;p=164"},"modified":"2022-02-26T09:52:15","modified_gmt":"2022-02-26T09:52:15","slug":"zelje-belo-pozno","status":"publish","type":"product","link":"https:\/\/www.sadikefirbas.si\/?product=zelje-belo-pozno","title":{"rendered":"ZELJE BELO POZNO"},"content":{"rendered":"<p>Zelje je srednje pozna sorta, ki ima okroglo plo\u0161\u010date, zbite, rumeno zelene glave s tankimi listi. Je ena izmed najbolj poznanih sort, ki je odli\u010dna za kisanje in skladi\u0161\u010denje.<\/p>\n","protected":false},"excerpt":{"rendered":"<p>Zelje je srednje pozna sorta, ki ima okroglo plo\u0161\u010date, zbite, rumeno zelene glave s tankimi listi. Je ena izmed najbolj poznanih sort, ki je odli\u010dna za kisanje in skladi\u0161\u010denje.<\/p>\n","protected":false},"featured_media":165,"template":"","meta":{"spay_email":""},"product_cat":[20],"product_tag":[],"_links":{"self":[{"href":"https:\/\/www.sadikefirbas.si\/index.php?rest_route=\/wp\/v2\/product\/164"}],"collection":[{"href":"https:\/\/www.sadikefirbas.si\/index.php?rest_route=\/wp\/v2\/product"}],"about":[{"href":"https:\/\/www.sadikefirbas.si\/index.php?rest_route=\/wp\/v2\/types\/product"}],"wp:featuredmedia":[{"embeddable":true,"href":"https:\/\/www.sadikefirbas.si\/index.php?rest_route=\/wp\/v2\/media\/165"}],"wp:attachment":[{"href":"https:\/\/www.sadikefirbas.si\/index.php?rest_route=%2Fwp%2Fv2%2Fmedia&parent=164"}],"wp:term":[{"taxonomy":"product_cat","embeddable":true,"href":"https:\/\/www.sadikefirbas.si\/index.php?rest_route=%2Fwp%2Fv2%2Fproduct_cat&post=164"},{"taxonomy":"product_tag","embeddable":true,"href":"https:\/\/www.sadikefirbas.si\/index.php?rest_route=%2Fwp%2Fv2%2Fproduct_tag&post=164"}],"curies":[{"name":"wp","href":"https:\/\/api.w.org\/{rel}","templated":true}]}}