{"id":162,"date":"2022-02-26T09:48:05","date_gmt":"2022-02-26T09:48:05","guid":{"rendered":"https:\/\/www.sadikefirbas.si\/?post_type=product&#038;p=162"},"modified":"2022-02-26T09:48:06","modified_gmt":"2022-02-26T09:48:06","slug":"zelje-belo-zgodnje","status":"publish","type":"product","link":"https:\/\/www.sadikefirbas.si\/?product=zelje-belo-zgodnje","title":{"rendered":"ZELJE BELO ZGODNJE"},"content":{"rendered":"<p>Zelje je primerno za zgodnjo spomladansko in kasnej\u0161o hitro poletno pridelavo. Glave so \u010dvrste, okrogle oblike. Primerno je za sve\u017eo uporabo in ribanje. Prednost te rane sorte je visoka tolerantnost na pokanje.<\/p>\n","protected":false},"excerpt":{"rendered":"<p>Zelje je primerno za zgodnjo spomladansko in kasnej\u0161o hitro poletno pridelavo. Glave so \u010dvrste, okrogle oblike. Primerno je za sve\u017eo uporabo in ribanje. Prednost te rane sorte je visoka tolerantnost na pokanje.<\/p>\n","protected":false},"featured_media":163,"template":"","meta":{"spay_email":""},"product_cat":[20],"product_tag":[],"_links":{"self":[{"href":"https:\/\/www.sadikefirbas.si\/index.php?rest_route=\/wp\/v2\/product\/162"}],"collection":[{"href":"https:\/\/www.sadikefirbas.si\/index.php?rest_route=\/wp\/v2\/product"}],"about":[{"href":"https:\/\/www.sadikefirbas.si\/index.php?rest_route=\/wp\/v2\/types\/product"}],"wp:featuredmedia":[{"embeddable":true,"href":"https:\/\/www.sadikefirbas.si\/index.php?rest_route=\/wp\/v2\/media\/163"}],"wp:attachment":[{"href":"https:\/\/www.sadikefirbas.si\/index.php?rest_route=%2Fwp%2Fv2%2Fmedia&parent=162"}],"wp:term":[{"taxonomy":"product_cat","embeddable":true,"href":"https:\/\/www.sadikefirbas.si\/index.php?rest_route=%2Fwp%2Fv2%2Fproduct_cat&post=162"},{"taxonomy":"product_tag","embeddable":true,"href":"https:\/\/www.sadikefirbas.si\/index.php?rest_route=%2Fwp%2Fv2%2Fproduct_tag&post=162"}],"curies":[{"name":"wp","href":"https:\/\/api.w.org\/{rel}","templated":true}]}}