{"id":158,"date":"2022-02-25T16:03:06","date_gmt":"2022-02-25T16:03:06","guid":{"rendered":"https:\/\/www.sadikefirbas.si\/?post_type=product&#038;p=158"},"modified":"2022-02-25T16:03:06","modified_gmt":"2022-02-25T16:03:06","slug":"radic-treviso","status":"publish","type":"product","link":"https:\/\/www.sadikefirbas.si\/?product=radic-treviso","title":{"rendered":"RADI\u010c TREVISO"},"content":{"rendered":"<p>Radi\u010d Treviso rde\u010di je zgodnja sorta, ki prezimi na prostem. Okrogli, ozki, zeleni listi oblikujejo \u010dvrsto rde\u010do glavico v majhni rozeti. Suli\u010dasti listi so primerni za rezanje.<\/p>\n","protected":false},"excerpt":{"rendered":"<p>Radi\u010d Treviso rde\u010di je zgodnja sorta, ki prezimi na prostem. Okrogli, ozki, zeleni listi oblikujejo \u010dvrsto rde\u010do glavico v majhni rozeti. Suli\u010dasti listi so primerni za rezanje.<\/p>\n","protected":false},"featured_media":159,"template":"","meta":{"spay_email":""},"product_cat":[18],"product_tag":[],"_links":{"self":[{"href":"https:\/\/www.sadikefirbas.si\/index.php?rest_route=\/wp\/v2\/product\/158"}],"collection":[{"href":"https:\/\/www.sadikefirbas.si\/index.php?rest_route=\/wp\/v2\/product"}],"about":[{"href":"https:\/\/www.sadikefirbas.si\/index.php?rest_route=\/wp\/v2\/types\/product"}],"wp:featuredmedia":[{"embeddable":true,"href":"https:\/\/www.sadikefirbas.si\/index.php?rest_route=\/wp\/v2\/media\/159"}],"wp:attachment":[{"href":"https:\/\/www.sadikefirbas.si\/index.php?rest_route=%2Fwp%2Fv2%2Fmedia&parent=158"}],"wp:term":[{"taxonomy":"product_cat","embeddable":true,"href":"https:\/\/www.sadikefirbas.si\/index.php?rest_route=%2Fwp%2Fv2%2Fproduct_cat&post=158"},{"taxonomy":"product_tag","embeddable":true,"href":"https:\/\/www.sadikefirbas.si\/index.php?rest_route=%2Fwp%2Fv2%2Fproduct_tag&post=158"}],"curies":[{"name":"wp","href":"https:\/\/api.w.org\/{rel}","templated":true}]}}