{"id":157,"date":"2022-02-25T15:59:31","date_gmt":"2022-02-25T15:59:31","guid":{"rendered":"https:\/\/www.sadikefirbas.si\/?post_type=product&#038;p=157"},"modified":"2022-02-25T15:59:31","modified_gmt":"2022-02-25T15:59:31","slug":"radic-palla-bianca","status":"publish","type":"product","link":"https:\/\/www.sadikefirbas.si\/?product=radic-palla-bianca","title":{"rendered":"RADI\u010c PALLA BIANCA"},"content":{"rendered":"<p>Radi\u010d Palla Bianca je srednje zgodnja sorta glavnatega belega radi\u010da. Rastlina je bujne rasti s svetlo zelenimi listi in kompaktno, ne preve\u010d zbito glavo. Je odli\u010dnega, malenkost grenkega okusa.<\/p>\n","protected":false},"excerpt":{"rendered":"<p>Radi\u010d Palla Bianca je srednje zgodnja sorta glavnatega belega radi\u010da. Rastlina je bujne rasti s svetlo zelenimi listi in kompaktno, ne preve\u010d zbito glavo. Je odli\u010dnega, malenkost grenkega okusa.<\/p>\n","protected":false},"featured_media":0,"template":"","meta":{"spay_email":""},"product_cat":[18],"product_tag":[],"_links":{"self":[{"href":"https:\/\/www.sadikefirbas.si\/index.php?rest_route=\/wp\/v2\/product\/157"}],"collection":[{"href":"https:\/\/www.sadikefirbas.si\/index.php?rest_route=\/wp\/v2\/product"}],"about":[{"href":"https:\/\/www.sadikefirbas.si\/index.php?rest_route=\/wp\/v2\/types\/product"}],"wp:attachment":[{"href":"https:\/\/www.sadikefirbas.si\/index.php?rest_route=%2Fwp%2Fv2%2Fmedia&parent=157"}],"wp:term":[{"taxonomy":"product_cat","embeddable":true,"href":"https:\/\/www.sadikefirbas.si\/index.php?rest_route=%2Fwp%2Fv2%2Fproduct_cat&post=157"},{"taxonomy":"product_tag","embeddable":true,"href":"https:\/\/www.sadikefirbas.si\/index.php?rest_route=%2Fwp%2Fv2%2Fproduct_tag&post=157"}],"curies":[{"name":"wp","href":"https:\/\/api.w.org\/{rel}","templated":true}]}}