{"id":155,"date":"2022-02-25T14:45:53","date_gmt":"2022-02-25T14:45:53","guid":{"rendered":"https:\/\/www.sadikefirbas.si\/?post_type=product&#038;p=155"},"modified":"2022-02-25T14:45:53","modified_gmt":"2022-02-25T14:45:53","slug":"radic-castel-franco","status":"publish","type":"product","link":"https:\/\/www.sadikefirbas.si\/?product=radic-castel-franco","title":{"rendered":"RADI\u010c CASTEL FRANCO"},"content":{"rendered":"<p>Radi\u010d Castel Franco ima svetlo zelene, gladke in ne\u017ene liste, ki se dobro obra\u0161\u010dajo. Po red\u010denju razvije zelene, koni\u010daste glavice. Sejemo ga od pomladi do jeseni, da listi ostanejo ne\u017eni in obeljeni. Dobro prezimi.<\/p>\n","protected":false},"excerpt":{"rendered":"<p>Radi\u010d Castel Franco ima svetlo zelene, gladke in ne\u017ene liste, ki se dobro obra\u0161\u010dajo. Po red\u010denju razvije zelene, koni\u010daste glavice. Sejemo ga od pomladi do jeseni, da listi ostanejo ne\u017eni in obeljeni. Dobro prezimi.<\/p>\n","protected":false},"featured_media":156,"template":"","meta":{"spay_email":""},"product_cat":[18],"product_tag":[],"_links":{"self":[{"href":"https:\/\/www.sadikefirbas.si\/index.php?rest_route=\/wp\/v2\/product\/155"}],"collection":[{"href":"https:\/\/www.sadikefirbas.si\/index.php?rest_route=\/wp\/v2\/product"}],"about":[{"href":"https:\/\/www.sadikefirbas.si\/index.php?rest_route=\/wp\/v2\/types\/product"}],"wp:featuredmedia":[{"embeddable":true,"href":"https:\/\/www.sadikefirbas.si\/index.php?rest_route=\/wp\/v2\/media\/156"}],"wp:attachment":[{"href":"https:\/\/www.sadikefirbas.si\/index.php?rest_route=%2Fwp%2Fv2%2Fmedia&parent=155"}],"wp:term":[{"taxonomy":"product_cat","embeddable":true,"href":"https:\/\/www.sadikefirbas.si\/index.php?rest_route=%2Fwp%2Fv2%2Fproduct_cat&post=155"},{"taxonomy":"product_tag","embeddable":true,"href":"https:\/\/www.sadikefirbas.si\/index.php?rest_route=%2Fwp%2Fv2%2Fproduct_tag&post=155"}],"curies":[{"name":"wp","href":"https:\/\/api.w.org\/{rel}","templated":true}]}}