{"id":151,"date":"2022-02-25T13:16:03","date_gmt":"2022-02-25T13:16:03","guid":{"rendered":"https:\/\/www.sadikefirbas.si\/?post_type=product&#038;p=151"},"modified":"2022-02-25T13:16:03","modified_gmt":"2022-02-25T13:16:03","slug":"zelje-kitajsko","status":"publish","type":"product","link":"https:\/\/www.sadikefirbas.si\/?product=zelje-kitajsko","title":{"rendered":"ZELJE KITAJSKO"},"content":{"rendered":"<p>Kitajsko zelje tvori svetlo zelene liste. Je primerno za poletno in jesensko pridelavo. Primerno je za sve\u017eo potro\u0161njo in skladi\u0161\u010denje. Zna\u010dilen je odli\u010den blag okus.<\/p>\n","protected":false},"excerpt":{"rendered":"<p>Kitajsko zelje tvori svetlo zelene liste. Je primerno za poletno in jesensko pridelavo. Primerno je za sve\u017eo potro\u0161njo in skladi\u0161\u010denje. Zna\u010dilen je odli\u010den blag okus.<\/p>\n","protected":false},"featured_media":152,"template":"","meta":{"spay_email":""},"product_cat":[20],"product_tag":[],"_links":{"self":[{"href":"https:\/\/www.sadikefirbas.si\/index.php?rest_route=\/wp\/v2\/product\/151"}],"collection":[{"href":"https:\/\/www.sadikefirbas.si\/index.php?rest_route=\/wp\/v2\/product"}],"about":[{"href":"https:\/\/www.sadikefirbas.si\/index.php?rest_route=\/wp\/v2\/types\/product"}],"wp:featuredmedia":[{"embeddable":true,"href":"https:\/\/www.sadikefirbas.si\/index.php?rest_route=\/wp\/v2\/media\/152"}],"wp:attachment":[{"href":"https:\/\/www.sadikefirbas.si\/index.php?rest_route=%2Fwp%2Fv2%2Fmedia&parent=151"}],"wp:term":[{"taxonomy":"product_cat","embeddable":true,"href":"https:\/\/www.sadikefirbas.si\/index.php?rest_route=%2Fwp%2Fv2%2Fproduct_cat&post=151"},{"taxonomy":"product_tag","embeddable":true,"href":"https:\/\/www.sadikefirbas.si\/index.php?rest_route=%2Fwp%2Fv2%2Fproduct_tag&post=151"}],"curies":[{"name":"wp","href":"https:\/\/api.w.org\/{rel}","templated":true}]}}