{"id":143,"date":"2022-02-25T05:13:42","date_gmt":"2022-02-25T05:13:42","guid":{"rendered":"https:\/\/www.sadikefirbas.si\/?post_type=product&#038;p=143"},"modified":"2022-02-25T05:13:42","modified_gmt":"2022-02-25T05:13:42","slug":"solata-saxo","status":"publish","type":"product","link":"https:\/\/www.sadikefirbas.si\/?product=solata-saxo","title":{"rendered":"SOLATA SAXO"},"content":{"rendered":"<p>Solata Saxo je solata v tipu rde\u010dega hrastovega lista. Odli\u010dna sorta z intenzivno rde\u010do barvo, dobrim volumnom, te\u017eo in odpornostjo. Primerna je za celoletno pridelavo.<\/p>\n","protected":false},"excerpt":{"rendered":"<p>Solata Saxo je solata v tipu rde\u010dega hrastovega lista. Odli\u010dna sorta z intenzivno rde\u010do barvo, dobrim volumnom, te\u017eo in odpornostjo. Primerna je za celoletno pridelavo.<\/p>\n","protected":false},"featured_media":144,"template":"","meta":{"spay_email":""},"product_cat":[37,16],"product_tag":[],"_links":{"self":[{"href":"https:\/\/www.sadikefirbas.si\/index.php?rest_route=\/wp\/v2\/product\/143"}],"collection":[{"href":"https:\/\/www.sadikefirbas.si\/index.php?rest_route=\/wp\/v2\/product"}],"about":[{"href":"https:\/\/www.sadikefirbas.si\/index.php?rest_route=\/wp\/v2\/types\/product"}],"wp:featuredmedia":[{"embeddable":true,"href":"https:\/\/www.sadikefirbas.si\/index.php?rest_route=\/wp\/v2\/media\/144"}],"wp:attachment":[{"href":"https:\/\/www.sadikefirbas.si\/index.php?rest_route=%2Fwp%2Fv2%2Fmedia&parent=143"}],"wp:term":[{"taxonomy":"product_cat","embeddable":true,"href":"https:\/\/www.sadikefirbas.si\/index.php?rest_route=%2Fwp%2Fv2%2Fproduct_cat&post=143"},{"taxonomy":"product_tag","embeddable":true,"href":"https:\/\/www.sadikefirbas.si\/index.php?rest_route=%2Fwp%2Fv2%2Fproduct_tag&post=143"}],"curies":[{"name":"wp","href":"https:\/\/api.w.org\/{rel}","templated":true}]}}