{"id":139,"date":"2022-02-25T04:56:42","date_gmt":"2022-02-25T04:56:42","guid":{"rendered":"https:\/\/www.sadikefirbas.si\/?post_type=product&#038;p=139"},"modified":"2022-03-09T02:38:51","modified_gmt":"2022-03-09T02:38:51","slug":"139","status":"publish","type":"product","link":"https:\/\/www.sadikefirbas.si\/?product=139","title":{"rendered":"SOLATA GENTILA"},"content":{"rendered":"<p>Solata gentila Guenola je primerna za pridelavo na prostem ali v za\u0161\u010ditenih prostorih. Odli\u010dna tolerantnost na nizke temperature.<\/p>\n","protected":false},"excerpt":{"rendered":"<p>Solata gentila Guenola je primerna za pridelavo na prostem ali v za\u0161\u010ditenih prostorih. Odli\u010dna tolerantnost na nizke temperature.<\/p>\n","protected":false},"featured_media":140,"template":"","meta":{"spay_email":""},"product_cat":[36,16],"product_tag":[],"_links":{"self":[{"href":"https:\/\/www.sadikefirbas.si\/index.php?rest_route=\/wp\/v2\/product\/139"}],"collection":[{"href":"https:\/\/www.sadikefirbas.si\/index.php?rest_route=\/wp\/v2\/product"}],"about":[{"href":"https:\/\/www.sadikefirbas.si\/index.php?rest_route=\/wp\/v2\/types\/product"}],"wp:featuredmedia":[{"embeddable":true,"href":"https:\/\/www.sadikefirbas.si\/index.php?rest_route=\/wp\/v2\/media\/140"}],"wp:attachment":[{"href":"https:\/\/www.sadikefirbas.si\/index.php?rest_route=%2Fwp%2Fv2%2Fmedia&parent=139"}],"wp:term":[{"taxonomy":"product_cat","embeddable":true,"href":"https:\/\/www.sadikefirbas.si\/index.php?rest_route=%2Fwp%2Fv2%2Fproduct_cat&post=139"},{"taxonomy":"product_tag","embeddable":true,"href":"https:\/\/www.sadikefirbas.si\/index.php?rest_route=%2Fwp%2Fv2%2Fproduct_tag&post=139"}],"curies":[{"name":"wp","href":"https:\/\/api.w.org\/{rel}","templated":true}]}}