{"id":119,"date":"2022-02-25T03:51:08","date_gmt":"2022-02-25T03:51:08","guid":{"rendered":"https:\/\/www.sadikefirbas.si\/?post_type=product&#038;p=119"},"modified":"2022-02-25T03:51:08","modified_gmt":"2022-02-25T03:51:08","slug":"solata-edurne","status":"publish","type":"product","link":"https:\/\/www.sadikefirbas.si\/?product=solata-edurne","title":{"rendered":"SOLATA EDURNE"},"content":{"rendered":"<p>Solata Edurne je rumeno zelena kristalka. Primerna je za vzgojo v spomladanskem, jesenskem in zimskem \u010dasu. Hitro oblikuje glave. Za saditev te sorte se lahko odlo\u010dite tudi kljub slab\u0161e pripravljeni zemlji.<\/p>\n","protected":false},"excerpt":{"rendered":"<p>Solata Edurne je rumeno zelena kristalka. Primerna je za vzgojo v spomladanskem, jesenskem in zimskem \u010dasu. Hitro oblikuje glave. Za saditev te sorte se lahko odlo\u010dite tudi kljub slab\u0161e pripravljeni zemlji.<\/p>\n","protected":false},"featured_media":120,"template":"","meta":{"spay_email":""},"product_cat":[33,16],"product_tag":[],"_links":{"self":[{"href":"https:\/\/www.sadikefirbas.si\/index.php?rest_route=\/wp\/v2\/product\/119"}],"collection":[{"href":"https:\/\/www.sadikefirbas.si\/index.php?rest_route=\/wp\/v2\/product"}],"about":[{"href":"https:\/\/www.sadikefirbas.si\/index.php?rest_route=\/wp\/v2\/types\/product"}],"wp:featuredmedia":[{"embeddable":true,"href":"https:\/\/www.sadikefirbas.si\/index.php?rest_route=\/wp\/v2\/media\/120"}],"wp:attachment":[{"href":"https:\/\/www.sadikefirbas.si\/index.php?rest_route=%2Fwp%2Fv2%2Fmedia&parent=119"}],"wp:term":[{"taxonomy":"product_cat","embeddable":true,"href":"https:\/\/www.sadikefirbas.si\/index.php?rest_route=%2Fwp%2Fv2%2Fproduct_cat&post=119"},{"taxonomy":"product_tag","embeddable":true,"href":"https:\/\/www.sadikefirbas.si\/index.php?rest_route=%2Fwp%2Fv2%2Fproduct_tag&post=119"}],"curies":[{"name":"wp","href":"https:\/\/api.w.org\/{rel}","templated":true}]}}