{"id":296,"date":"2022-03-11T12:09:17","date_gmt":"2022-03-11T12:09:17","guid":{"rendered":"https:\/\/www.sadikefirbas.si\/?page_id=296"},"modified":"2022-03-16T08:20:10","modified_gmt":"2022-03-16T08:20:10","slug":"pravilnik-o-zasebnosti","status":"publish","type":"page","link":"https:\/\/www.sadikefirbas.si\/?page_id=296","title":{"rendered":"Pravilnik o zasebnosti"},"content":{"rendered":"\n<p><\/p>\n\n\n\n<p><strong>Kdo smo<\/strong><\/p>\n\n\n\n<p>Na\u0161 naslov spleti\u0161\u010da je: https:\/\/www.sadikefirbas.si<\/p>\n\n\n\n<p>Smo podjetje, ki  se ukvarja z svetovanjem, na\u010drtovanjem kmetijske pridelave in sadik za potrebe kmetijstva, \u0161e posebej za vrtnarsko pridelavo.&nbsp;<\/p>\n\n\n\n<p><strong>Komentarji<\/strong> <em>(ni omogo\u010deno)<\/em><\/p>\n\n\n\n<p>Ko obiskovalci pustijo komentarje na spletnem mestu, zbiramo podatke, prikazane v obrazcu za komentarje, pa tudi IP naslov obiskovalca in niz uporabni\u0161kega agenta brskalnika za pomo\u010d pri odkrivanju ne\u017eelene po\u0161te.<\/p>\n\n\n\n<p>Anonimiziran niz, ustvarjen iz va\u0161ega e-po\u0161tnega naslova (imenovan tudi hash), se lahko zagotovi storitvi Gravatar, da preveri, ali ga uporabljate.&nbsp;Politika zasebnosti storitve Gravatar je na voljo tukaj: https:\/\/automattic.com\/privacy\/.&nbsp;Po odobritvi va\u0161ega komentarja je va\u0161a profilna slika vidna javnosti v kontekstu va\u0161ega komentarja.<\/p>\n\n\n\n<p><strong>Predstavnost<\/strong>  <em>(ni omogo\u010deno)<\/em> <\/p>\n\n\n\n<p>\u010ce nalagate slike na spletno mesto, se izogibajte nalaganju slik z vgrajenimi lokacijskimi podatki (EXIF GPS).&nbsp;Obiskovalci spletnega mesta lahko prenesejo in izvle\u010dejo vse podatke o lokaciji iz slik na spletnem mestu.<\/p>\n\n\n\n<p><strong>Pi\u0161kotki<\/strong><\/p>\n\n\n\n<p>\u010ce pustite komentar na na\u0161em spletnem mestu, se lahko odlo\u010dite, da svoje ime, e-po\u0161tni naslov in spletno stran shranite v pi\u0161kotke.\u00a0Te so za va\u0161e udobje, tako da vam ni treba znova vna\u0161ati svojih podatkov, ko pustite nov komentar.\u00a0Ti pi\u0161kotki bodo trajali eno leto.  <em>(ni omogo\u010deno)<\/em> <\/p>\n\n\n\n<p>\u010ce obi\u0161\u010dete na\u0161o stran za prijavo, bomo nastavili za\u010dasni pi\u0161kotek, da ugotovimo, ali va\u0161 brskalnik sprejema pi\u0161kotke.&nbsp;Ta pi\u0161kotek ne vsebuje osebnih podatkov in se zavr\u017ee, ko zaprete brskalnik.<\/p>\n\n\n\n<p>Ko se prijavite, bomo nastavili tudi ve\u010d pi\u0161kotkov za shranjevanje va\u0161ih podatkov za prijavo in mo\u017enosti prikaza zaslona.&nbsp;Pi\u0161kotki za prijavo trajajo dva dni, pi\u0161kotki z mo\u017enostmi zaslona pa eno leto.&nbsp;\u010ce izberete \u00bbZapomni si me\u00ab, bo va\u0161a prijava vztrajala dva tedna.&nbsp;\u010ce se odjavite iz svojega ra\u010duna, bodo pi\u0161kotki za prijavo odstranjeni.<\/p>\n\n\n\n<p>\u010ce \u010dlanek uredite ali objavite, se v va\u0161 brskalnik shrani dodaten pi\u0161kotek.\u00a0Ta pi\u0161kotek ne vklju\u010duje osebnih podatkov in samo ozna\u010duje ID objave \u010dlanka, ki ste ga pravkar uredili.\u00a0Pote\u010de po 1 dnevu.  <em>(ni omogo\u010deno)<\/em> <\/p>\n\n\n\n<p><strong>Vdelana vsebina iz drugih spleti\u0161\u010d<\/strong><\/p>\n\n\n\n<p>\u010clanki na tem spletnem mestu lahko vklju\u010dujejo vdelano vsebino (npr. videoposnetke, slike, \u010dlanke itd.).&nbsp;Vdelana vsebina z drugih spletnih mest se obna\u0161a na popolnoma enak na\u010din, kot \u010de bi obiskovalec obiskal drugo spletno mesto.<\/p>\n\n\n\n<p>Ta spletna mesta lahko zbirajo podatke o vas, uporabljajo pi\u0161kotke, vgrajujejo dodatno sledenje tretjih oseb in spremljajo va\u0161o interakcijo s to vdelano vsebino, vklju\u010dno s sledenjem va\u0161e interakcije z vdelano vsebino, \u010de imate ra\u010dun in ste prijavljeni na to spletno mesto.<\/p>\n\n\n\n<p><strong>S kom delimo va\u0161e podatke<\/strong><\/p>\n\n\n\n<p>\u010ce ste zahtevali ponastavitev gesla, bo v e-po\u0161ti za ponastavitev vklju\u010den va\u0161 naslov IP.<\/p>\n\n\n\n<p><strong>Kako dolgo hranimo va\u0161e podatke<\/strong><\/p>\n\n\n\n<p>\u010ce pustite komentar, se komentar in njegovi metapodatki hranijo za nedolo\u010den \u010das.&nbsp;To je zato, da lahko samodejno prepoznamo in odobrimo vse nadaljnje komentarje, namesto da jih zadr\u017eimo v \u010dakalni vrsti za moderiranje.<\/p>\n\n\n\n<p>Za uporabnike, ki se registrirajo na na\u0161em spletnem mestu (\u010de obstajajo), hranimo tudi osebne podatke, ki jih posredujejo v svojem uporabni\u0161kem profilu.&nbsp;Vsi uporabniki si lahko kadar koli ogledajo, uredijo ali izbri\u0161ejo svoje osebne podatke (razen svojega uporabni\u0161kega imena ne morejo spremeniti).&nbsp;Skrbniki spletnega mesta lahko tudi vidijo in urejajo te podatke.<\/p>\n\n\n\n<p><strong>Katere pravice imate nad va\u0161imi podatki<\/strong><\/p>\n\n\n\n<p>\u010ce imate ra\u010dun na tem spletnem mestu ali ste pustili komentarje, lahko zahtevate, da prejmete izvo\u017eeno datoteko osebnih podatkov, ki jih hranimo o vas, vklju\u010dno s podatki, ki ste nam jih posredovali.&nbsp;Prav tako lahko zahtevate, da izbri\u0161emo vse osebne podatke, ki jih hranimo o vas.&nbsp;To ne vklju\u010duje nobenih podatkov, ki smo jih dol\u017eni hraniti za administrativne, pravne ali varnostne namene.<\/p>\n\n\n\n<p><strong>Kam po\u0161iljamo va\u0161e podatke<\/strong><\/p>\n\n\n\n<p>Komentarje obiskovalcev lahko preverite prek avtomatizirane storitve za odkrivanje ne\u017eelene po\u0161te.<\/p>\n","protected":false},"excerpt":{"rendered":"<p>Kdo smo Na\u0161 naslov spleti\u0161\u010da je: https:\/\/www.sadikefirbas.si Smo podjetje, ki se ukvarja z svetovanjem, na\u010drtovanjem kmetijske pridelave in sadik za<\/p>\n","protected":false},"author":1,"featured_media":0,"parent":0,"menu_order":0,"comment_status":"closed","ping_status":"closed","template":"","meta":{"spay_email":""},"_links":{"self":[{"href":"https:\/\/www.sadikefirbas.si\/index.php?rest_route=\/wp\/v2\/pages\/296"}],"collection":[{"href":"https:\/\/www.sadikefirbas.si\/index.php?rest_route=\/wp\/v2\/pages"}],"about":[{"href":"https:\/\/www.sadikefirbas.si\/index.php?rest_route=\/wp\/v2\/types\/page"}],"author":[{"embeddable":true,"href":"https:\/\/www.sadikefirbas.si\/index.php?rest_route=\/wp\/v2\/users\/1"}],"replies":[{"embeddable":true,"href":"https:\/\/www.sadikefirbas.si\/index.php?rest_route=%2Fwp%2Fv2%2Fcomments&post=296"}],"version-history":[{"count":7,"href":"https:\/\/www.sadikefirbas.si\/index.php?rest_route=\/wp\/v2\/pages\/296\/revisions"}],"predecessor-version":[{"id":318,"href":"https:\/\/www.sadikefirbas.si\/index.php?rest_route=\/wp\/v2\/pages\/296\/revisions\/318"}],"wp:attachment":[{"href":"https:\/\/www.sadikefirbas.si\/index.php?rest_route=%2Fwp%2Fv2%2Fmedia&parent=296"}],"curies":[{"name":"wp","href":"https:\/\/api.w.org\/{rel}","templated":true}]}}