{"id":2,"date":"2022-01-04T12:16:04","date_gmt":"2022-01-04T12:16:04","guid":{"rendered":"http:\/\/www.sadikefirbas.si\/?page_id=2"},"modified":"2022-03-09T04:35:09","modified_gmt":"2022-03-09T04:35:09","slug":"sample-page","status":"publish","type":"page","link":"https:\/\/www.sadikefirbas.si\/?page_id=2","title":{"rendered":"O podjetju"},"content":{"rendered":"\n<div class=\"wp-block-columns\">\n<div class=\"wp-block-column\">\n<p>Podjetje se ukvarja z svetovanjem, na\u010drtovanjem kmetijske pridelave in sadik za potrebe kmetijstva, \u0161e posebej za vrtnarsko pridelavo. Pohvalimo se lahko z zadovoljnimi kuci in dolgoletno tradicijo ter izku\u0161njami na podro\u010dju gojenja in prodaje sadik zelenjave v Sloveniji. Sadike zelenjave tr\u017eimo na celotnem podro\u010dju Slovenije in skozi leta uspe\u0161nega poslovanja smo si pridobili  zveste stranke, mednarodne reference, poslovne partnerje in zagotovljeno kakovost. <\/p>\n\n\n\n<blockquote class=\"wp-block-quote\"><p>Vedno smo pripravljeni sodelovati, pomagati in poskrbeti, da bo va\u0161 vrt obrodil, kot \u0161e nikoli!<\/p><\/blockquote>\n<\/div>\n<\/div>\n","protected":false},"excerpt":{"rendered":"<p>Podjetje se ukvarja z svetovanjem, na\u010drtovanjem kmetijske pridelave in sadik za potrebe kmetijstva, \u0161e posebej za vrtnarsko pridelavo. Pohvalimo se<\/p>\n","protected":false},"author":1,"featured_media":271,"parent":0,"menu_order":0,"comment_status":"closed","ping_status":"closed","template":"","meta":{"spay_email":""},"_links":{"self":[{"href":"https:\/\/www.sadikefirbas.si\/index.php?rest_route=\/wp\/v2\/pages\/2"}],"collection":[{"href":"https:\/\/www.sadikefirbas.si\/index.php?rest_route=\/wp\/v2\/pages"}],"about":[{"href":"https:\/\/www.sadikefirbas.si\/index.php?rest_route=\/wp\/v2\/types\/page"}],"author":[{"embeddable":true,"href":"https:\/\/www.sadikefirbas.si\/index.php?rest_route=\/wp\/v2\/users\/1"}],"replies":[{"embeddable":true,"href":"https:\/\/www.sadikefirbas.si\/index.php?rest_route=%2Fwp%2Fv2%2Fcomments&post=2"}],"version-history":[{"count":8,"href":"https:\/\/www.sadikefirbas.si\/index.php?rest_route=\/wp\/v2\/pages\/2\/revisions"}],"predecessor-version":[{"id":269,"href":"https:\/\/www.sadikefirbas.si\/index.php?rest_route=\/wp\/v2\/pages\/2\/revisions\/269"}],"wp:featuredmedia":[{"embeddable":true,"href":"https:\/\/www.sadikefirbas.si\/index.php?rest_route=\/wp\/v2\/media\/271"}],"wp:attachment":[{"href":"https:\/\/www.sadikefirbas.si\/index.php?rest_route=%2Fwp%2Fv2%2Fmedia&parent=2"}],"curies":[{"name":"wp","href":"https:\/\/api.w.org\/{rel}","templated":true}]}}